{"id":14550,"date":"2024-09-27T12:36:22","date_gmt":"2024-09-27T10:36:22","guid":{"rendered":"https:\/\/blacksmith-displays.com\/kategoria\/unkategorisiert\/akcesoria-impact-pop-up\/"},"modified":"2024-11-05T15:17:45","modified_gmt":"2024-11-05T14:17:45","slug":"impact-pop-up-zubehoer","status":"publish","type":"product","link":"https:\/\/blacksmith-displays.com\/de\/produkt\/displaywaende\/faltdisplays\/impact-pop-up-zubehoer\/","title":{"rendered":"Impact Pop-up Zubeh\u00f6r"},"content":{"rendered":"","protected":false},"excerpt":{"rendered":"<p>Pop-up-Stabilisierungsf\u00fc\u00dfe &#8211; F\u00fcr zus\u00e4tzliche Stabilit\u00e4t bei stark frequentierten Events oder unebenem Untergrund sind Stabilisierungsf\u00fc\u00dfe die perfekte Erg\u00e4nzung zu Ihrer Pop-Up-Wand. Sie lassen sich einfach anbringen und sorgen daf\u00fcr, dass Ihre Pr\u00e4sentation stets sicher und stabil steht, auch bei hohem Publikumsverkehr<br \/>\n<br \/>\nMonitorhalterung f\u00fcr Pop Up gebogen &#8211; Diese speziell f\u00fcr gebogene Pop-Up-W\u00e4nde entwickelte Monitorhalterung bietet eine optimale L\u00f6sung, um Bildschirme sicher und stilvoll in Ihre gebogene Pr\u00e4sentationswand zu integrieren. Sie erm\u00f6glicht die stabile Befestigung von Monitoren und sorgt daf\u00fcr, dass Sie Ihre digitalen Inhalte, wie Pr\u00e4sentationen oder Videos, m\u00fchelos in Ihre Werbefl\u00e4che einbinden k\u00f6nnen. Ideal f\u00fcr Messen und Veranstaltungen, um Ihre Marke dynamisch zu pr\u00e4sentieren<br \/>\n<br \/>\nMonitorhalterung f\u00fcr Pop Up gerade &#8211; Diese Monitorhalterung ist speziell f\u00fcr gerade Pop-Up-W\u00e4nde konzipiert und bietet eine sichere und stabile M\u00f6glichkeit, Monitore in Ihre Pr\u00e4sentation zu integrieren. Sie erm\u00f6glicht es Ihnen, digitale Inhalte wie Videos oder interaktive Pr\u00e4sentationen stilvoll und professionell darzustellen und damit das Interesse Ihrer Zielgruppe zu wecken. Ideal f\u00fcr Messen, Konferenzen und andere Events.<br \/>\n<br \/>\nErsatzkit f\u00fcr Nachdrucke &#8211; Version 3&#215;2 &#8211; Dieses praktische Ersatzkit ist speziell f\u00fcr 3&#215;2 Pop-Up-W\u00e4nde ausgelegt und enth\u00e4lt alles, was Sie f\u00fcr den Austausch von Grafiken oder f\u00fcr Nachdrucke ben\u00f6tigen. Es umfasst Magnetband (Mag-Tape EM501), Hangers und Kickers, die eine einfache und sichere Befestigung Ihrer Grafiken erm\u00f6glichen. Perfekt, um Ihre Pr\u00e4sentationswand jederzeit schnell und unkompliziert aufzufrischen.<br \/>\n<br \/>\nErsatzkit f\u00fcr Nachdrucke &#8211; Version 3&#215;3 &#8211; Dieses praktische Ersatzkit ist speziell f\u00fcr 3&#215;3 Pop-Up-W\u00e4nde ausgelegt und enth\u00e4lt alles, was Sie f\u00fcr den Austausch von Grafiken oder f\u00fcr Nachdrucke ben\u00f6tigen. Es umfasst Magnetband (Mag-Tape EM501), Hangers und Kickers, die eine einfache und sichere Befestigung Ihrer Grafiken erm\u00f6glichen. Perfekt, um Ihre Pr\u00e4sentationswand jederzeit schnell und unkompliziert aufzufrischen.<br \/>\n<br \/>\nErsatzkit f\u00fcr Nachdrucke &#8211; Version 3&#215;4 &#8211; Dieses praktische Ersatzkit ist speziell f\u00fcr 3&#215;4 Pop-Up-W\u00e4nde ausgelegt und enth\u00e4lt alles, was Sie f\u00fcr den Austausch von Grafiken oder f\u00fcr Nachdrucke ben\u00f6tigen. Es umfasst Magnetband (Mag-Tape EM501), Hangers und Kickers, die eine einfache und sichere Befestigung Ihrer Grafiken erm\u00f6glichen. Perfekt, um Ihre Pr\u00e4sentationswand jederzeit schnell und unkompliziert aufzufrischen.<br \/>\n<br \/>\nErsatzkit f\u00fcr Nachdrucke &#8211; Version 3&#215;5 &#8211; Dieses praktische Ersatzkit ist speziell f\u00fcr 3&#215;5 Pop-Up-W\u00e4nde ausgelegt und enth\u00e4lt alles, was Sie f\u00fcr den Austausch von Grafiken oder f\u00fcr Nachdrucke ben\u00f6tigen. Es umfasst Magnetband (Mag-Tape EM501), Hangers und Kickers, die eine einfache und sichere Befestigung Ihrer Grafiken erm\u00f6glichen. Perfekt, um Ihre Pr\u00e4sentationswand jederzeit schnell und unkompliziert aufzufrischen.<br \/>\n<br \/>\nMagnetband &#8211; Dieses Magnetband mit den Ma\u00dfen 12-7X1,5 mm und einer L\u00e4nge von 30 Metern bietet eine zuverl\u00e4ssige L\u00f6sung zur Befestigung von Grafiken an Pop-Up-W\u00e4nden. Es gew\u00e4hrleistet eine sichere und stabile Anbringung, die sich schnell und einfach umsetzen l\u00e4sst. Ideal f\u00fcr Messen, Ausstellungen und andere Events, bei denen Flexibilit\u00e4t und Haltbarkeit gefragt sind.<br \/>\n<br \/>\nMag-Bar &#8211; Die Mag-Bar ist eine magnetische Befestigungsleiste, die speziell f\u00fcr Pop-Up-W\u00e4nde entwickelt wurde. Sie bietet eine zuverl\u00e4ssige und stabile M\u00f6glichkeit, Grafiken sicher an der Wand zu fixieren. Durch ihre einfache Handhabung erm\u00f6glicht die Mag-Bar einen schnellen Aufbau und sorgt daf\u00fcr, dass Ihre Pr\u00e4sentationswand stets perfekt ausgerichtet ist. Ideal f\u00fcr den Einsatz bei Messen, Ausstellungen und anderen Events.<br \/>\n<br \/>\nObere Hangers &#8211; gerade -Diese oberen Hangers sind speziell f\u00fcr gerade Pop-Up-W\u00e4nde entwickelt und dienen zur sicheren Befestigung der Grafikpaneele am oberen Rand des Rahmens.<br \/>\n<br \/>\nUntere Hangers &#8211; gerade &#8211; Die unteren Hangers sorgen bei geraden Pop-Up-W\u00e4nden f\u00fcr die stabile Befestigung der Grafiken am unteren Rand der Konstruktion.<br \/>\n<br \/>\nObere Hangers &#8211; gebogen &#8211; Diese Hangers sind f\u00fcr gebogene Pop-Up-W\u00e4nde konzipiert und bieten eine feste Halterung der Grafiken am oberen Rand der gew\u00f6lbten Struktur.<br \/>\n<br \/>\nUntere Hangers &#8211; gebogen &#8211; Diese unteren Hangers gew\u00e4hrleisten eine stabile Fixierung der Grafikpaneele am unteren Teil gebogener Pop-Up-W\u00e4nde.<br \/>\nObere Hangers &#8211; R\u00fcckseite &#8211; Entwickelt f\u00fcr die R\u00fcckseite von Pop-Up-W\u00e4nden, bieten diese oberen Hangers eine sichere Befestigung der Grafiken auf der R\u00fcckseite der Konstruktion.<br \/>\n<br \/>\nUntere Hangers &#8211; R\u00fcckseite &#8211; Diese Hangers sorgen f\u00fcr eine stabile Fixierung der R\u00fcckseiten-Grafiken an der unteren Position der Pop-Up-Wand.<\/p>\n","protected":false},"featured_media":19473,"template":"","meta":{"_acf_changed":false,"rank_math_lock_modified_date":false},"product_cat":[402],"product_tag":[],"class_list":{"0":"post-14550","1":"product","2":"type-product","3":"status-publish","4":"has-post-thumbnail","6":"product_cat-faltdisplays","8":"first","9":"instock","10":"shipping-taxable","11":"product-type-grouped"},"acf":[],"_links":{"self":[{"href":"https:\/\/blacksmith-displays.com\/de\/wp-json\/wp\/v2\/product\/14550","targetHints":{"allow":["GET"]}}],"collection":[{"href":"https:\/\/blacksmith-displays.com\/de\/wp-json\/wp\/v2\/product"}],"about":[{"href":"https:\/\/blacksmith-displays.com\/de\/wp-json\/wp\/v2\/types\/product"}],"wp:featuredmedia":[{"embeddable":true,"href":"https:\/\/blacksmith-displays.com\/de\/wp-json\/wp\/v2\/media\/19473"}],"wp:attachment":[{"href":"https:\/\/blacksmith-displays.com\/de\/wp-json\/wp\/v2\/media?parent=14550"}],"wp:term":[{"taxonomy":"product_cat","embeddable":true,"href":"https:\/\/blacksmith-displays.com\/de\/wp-json\/wp\/v2\/product_cat?post=14550"},{"taxonomy":"product_tag","embeddable":true,"href":"https:\/\/blacksmith-displays.com\/de\/wp-json\/wp\/v2\/product_tag?post=14550"}],"curies":[{"name":"wp","href":"https:\/\/api.w.org\/{rel}","templated":true}]}}