{"id":14598,"date":"2024-09-27T12:36:56","date_gmt":"2024-09-27T10:36:56","guid":{"rendered":"https:\/\/blacksmith-displays.com\/kategoria\/unkategorisiert\/zenith-kufer-set\/"},"modified":"2025-09-27T12:51:28","modified_gmt":"2025-09-27T10:51:28","slug":"zenith-kofferraum-set","status":"publish","type":"product","link":"https:\/\/blacksmith-displays.com\/de\/produkt\/displaywaende\/faltdisplays\/zenith-kofferraum-set\/","title":{"rendered":"Zenith Koffer-Set"},"content":{"rendered":"<p>Die strapazierf\u00e4higen Zenith-Koffer aus Polyethylen bieten eine vielseitige und ger\u00e4umige Transportl\u00f6sung f\u00fcr Ihr Pr\u00e4sentationssystem. Neben ihrer Funktion als Transportschutz lassen sie sich auch zu einer Theke umwandeln, die mit zus\u00e4tzlichen Grafiken und einem Deckel ausgestattet werden kann. Der Standardkoffer bietet ausreichend Platz f\u00fcr ein Pop-Up-System inklusive Grafiken. Dank der integrierten Trennw\u00e4nde sind Ihre Grafiken optimal vor Besch\u00e4digungen gesch\u00fctzt. Der Koffer ist au\u00dferdem mit einer Vorrichtung f\u00fcr ein Vorh\u00e4ngeschloss versehen (nicht im Lieferumfang enthalten), um zus\u00e4tzlichen Schutz zu gew\u00e4hrleisten.<\/p>\n","protected":false},"excerpt":{"rendered":"<p>Geeignet f\u00fcr folgende Veranstaltungen:<br \/>\n<br \/>\nMessen und Ausstellungen: Ideal, um Pr\u00e4sentationssystem sicher und kompakt zu transportieren.<br \/>\nFirmen-Events und Konferenzen: Verwandeln Sie den Koffer vor Ort in eine ansprechende Theke.<br \/>\nPromotionen und Verkaufsaktionen: Nutzen Sie den Koffer als transportable, praktische L\u00f6sung f\u00fcr Ihre mobilen Werbeauftritte.<br \/>\nRoadshows und Outdoor-Events: Robustes Design, das auch bei wiederholtem Transport und Nutzung im Freien sch\u00fctzt und funktioniert.<br \/>\n<br \/>\nGewicht:\t7,83 kg. \/ 11,00 kg.<br \/>\nH\u00f6he:\t956,00 mm<br \/>\nBreite:\t600,00 mm<br \/>\nDicke:\t400,00 mm<br \/>\n<br \/>\n<b>Transport: Sperrgut<b><\/p>\n","protected":false},"featured_media":9729,"template":"","meta":{"_acf_changed":false,"rank_math_lock_modified_date":false},"product_cat":[402],"product_tag":[],"class_list":{"0":"post-14598","1":"product","2":"type-product","3":"status-publish","4":"has-post-thumbnail","6":"product_cat-faltdisplays","8":"first","9":"instock","10":"shipping-taxable","11":"purchasable","12":"product-type-variable"},"acf":[],"_links":{"self":[{"href":"https:\/\/blacksmith-displays.com\/de\/wp-json\/wp\/v2\/product\/14598","targetHints":{"allow":["GET"]}}],"collection":[{"href":"https:\/\/blacksmith-displays.com\/de\/wp-json\/wp\/v2\/product"}],"about":[{"href":"https:\/\/blacksmith-displays.com\/de\/wp-json\/wp\/v2\/types\/product"}],"wp:featuredmedia":[{"embeddable":true,"href":"https:\/\/blacksmith-displays.com\/de\/wp-json\/wp\/v2\/media\/9729"}],"wp:attachment":[{"href":"https:\/\/blacksmith-displays.com\/de\/wp-json\/wp\/v2\/media?parent=14598"}],"wp:term":[{"taxonomy":"product_cat","embeddable":true,"href":"https:\/\/blacksmith-displays.com\/de\/wp-json\/wp\/v2\/product_cat?post=14598"},{"taxonomy":"product_tag","embeddable":true,"href":"https:\/\/blacksmith-displays.com\/de\/wp-json\/wp\/v2\/product_tag?post=14598"}],"curies":[{"name":"wp","href":"https:\/\/api.w.org\/{rel}","templated":true}]}}