{"id":14608,"date":"2024-09-27T12:37:46","date_gmt":"2024-09-27T10:37:46","guid":{"rendered":"https:\/\/blacksmith-displays.com\/kategoria\/unkategorisiert\/impact-hop-up-prosta\/"},"modified":"2025-09-27T12:51:28","modified_gmt":"2025-09-27T10:51:28","slug":"impact-hop-up-gerade","status":"publish","type":"product","link":"https:\/\/blacksmith-displays.com\/de\/produkt\/displaywaende\/textile-waende\/impact-hop-up-gerade\/","title":{"rendered":"Impact Hop-up Gerade"},"content":{"rendered":"<p>Impact Hop-Ups sind leichte, einfach zu handhabende textile Messew\u00e4nde, die in nur wenigen Minuten aufgebaut werden k\u00f6nnen. Dank der mit Klettverschluss befestigten Textilgrafiken lassen sich die Grafiken schnell und sicher anbringen, was diese Messewand zu einer besonders flexiblen und praktischen L\u00f6sung f\u00fcr Ihre Pr\u00e4sentationsbed\u00fcrfnisse macht.<\/p>\n","protected":false},"excerpt":{"rendered":"<p>Geeignet f\u00fcr folgende Veranstaltungen:<br \/>\n<br \/>\nMessen und Ausstellungen: Ideal f\u00fcr eine schnelle und effektive Pr\u00e4sentation von Marke.<br \/>\nFirmen-Events und Konferenzen: Perfekt als Hintergrund f\u00fcr Pr\u00e4sentationen oder als Blickfang auf einem Messestand.<br \/>\nPromotionen und Verkaufsaktionen: Leicht und tragbar, ideal f\u00fcr mobile Verkaufsst\u00e4nde oder tempor\u00e4re Promotionen.<br \/>\nRoadshows und Outdoor-Events: Die unkomplizierte Handhabung und der schnelle Aufbau machen diese Wand besonders n\u00fctzlich bei Outdoor-Events und Roadshows.<br \/>\n<br \/>\n<b>Beidseitiger Druck auf Anfrage m\u00f6glich.<br \/>\nCustom-Gr\u00f6\u00dfen auf Anfrage m\u00f6glich.<b><\/p>\n","protected":false},"featured_media":9739,"template":"","meta":{"_acf_changed":false,"rank_math_lock_modified_date":false},"product_cat":[406],"product_tag":[],"class_list":{"0":"post-14608","1":"product","2":"type-product","3":"status-publish","4":"has-post-thumbnail","6":"product_cat-textile-waende","8":"first","9":"instock","10":"shipping-taxable","11":"purchasable","12":"product-type-variable"},"acf":[],"_links":{"self":[{"href":"https:\/\/blacksmith-displays.com\/de\/wp-json\/wp\/v2\/product\/14608","targetHints":{"allow":["GET"]}}],"collection":[{"href":"https:\/\/blacksmith-displays.com\/de\/wp-json\/wp\/v2\/product"}],"about":[{"href":"https:\/\/blacksmith-displays.com\/de\/wp-json\/wp\/v2\/types\/product"}],"wp:featuredmedia":[{"embeddable":true,"href":"https:\/\/blacksmith-displays.com\/de\/wp-json\/wp\/v2\/media\/9739"}],"wp:attachment":[{"href":"https:\/\/blacksmith-displays.com\/de\/wp-json\/wp\/v2\/media?parent=14608"}],"wp:term":[{"taxonomy":"product_cat","embeddable":true,"href":"https:\/\/blacksmith-displays.com\/de\/wp-json\/wp\/v2\/product_cat?post=14608"},{"taxonomy":"product_tag","embeddable":true,"href":"https:\/\/blacksmith-displays.com\/de\/wp-json\/wp\/v2\/product_tag?post=14608"}],"curies":[{"name":"wp","href":"https:\/\/api.w.org\/{rel}","templated":true}]}}