{"id":14762,"date":"2024-09-27T12:49:44","date_gmt":"2024-09-27T10:49:44","guid":{"rendered":"https:\/\/blacksmith-displays.com\/kategoria\/unkategorisiert\/pegasus-150-240-cm\/"},"modified":"2025-09-27T12:51:28","modified_gmt":"2025-09-27T10:51:28","slug":"pegasus-150-240-cm","status":"publish","type":"product","link":"https:\/\/blacksmith-displays.com\/de\/produkt\/displaywaende\/textile-waende\/pegasus-150-240-cm\/","title":{"rendered":"Pegasus 150 &#8211; 240 cm"},"content":{"rendered":"<p>Die Pegasus Fotowand zeichnet sich durch ihre h\u00f6hen- und breitenverstellbaren Teleskopmasten aus, was sie zur idealen L\u00f6sung f\u00fcr Fotocall-Anwendungen und Kulissen macht. Dank der werkzeuglosen Montage ist sie im Handumdrehen aufgestellt und einsatzbereit. Die Fotowand ist sowohl f\u00fcr Textil- als auch PVC-Grafiken geeignet und bietet maximale Flexibilit\u00e4t bei der Gestaltung Ihrer Pr\u00e4sentation.<\/p>\n<p>Der Teleskopmast erm\u00f6glicht eine flexible Anpassung von H\u00f6he und Breite, die bis zu 2,5 m verstellt werden k\u00f6nnen, und sorgt so f\u00fcr maximale Vielseitigkeit in der Pr\u00e4sentation.<\/p>\n","protected":false},"excerpt":{"rendered":"<p>Geeignet f\u00fcr folgende Veranstaltungen:<br \/>\n<br \/>\nFotocalls und Pressekonferenzen: Ideal als flexibler und anpassbarer Hintergrund f\u00fcr Fototermine und Presseveranstaltungen.<br \/>\nMessen und Ausstellungen: Perfekt, um Ihre Marke in einem professionellen Rahmen darzustellen.<br \/>\nFirmen-Events und Konferenzen: Eine ausgezeichnete Wahl f\u00fcr stilvolle Kulissen und Pr\u00e4sentationshintergr\u00fcnde.<br \/>\nPromotionen und Werbeaktionen: Schnell aufgebaut, leicht transportierbar und vielseitig einsetzbar \u2013 ideal f\u00fcr mobile Eins\u00e4tze.<\/p>\n","protected":false},"featured_media":9787,"template":"","meta":{"_acf_changed":false,"rank_math_lock_modified_date":false},"product_cat":[406],"product_tag":[],"class_list":{"0":"post-14762","1":"product","2":"type-product","3":"status-publish","4":"has-post-thumbnail","6":"product_cat-textile-waende","8":"first","9":"instock","10":"shipping-taxable","11":"purchasable","12":"product-type-variable","13":"has-default-attributes"},"acf":[],"_links":{"self":[{"href":"https:\/\/blacksmith-displays.com\/de\/wp-json\/wp\/v2\/product\/14762","targetHints":{"allow":["GET"]}}],"collection":[{"href":"https:\/\/blacksmith-displays.com\/de\/wp-json\/wp\/v2\/product"}],"about":[{"href":"https:\/\/blacksmith-displays.com\/de\/wp-json\/wp\/v2\/types\/product"}],"wp:featuredmedia":[{"embeddable":true,"href":"https:\/\/blacksmith-displays.com\/de\/wp-json\/wp\/v2\/media\/9787"}],"wp:attachment":[{"href":"https:\/\/blacksmith-displays.com\/de\/wp-json\/wp\/v2\/media?parent=14762"}],"wp:term":[{"taxonomy":"product_cat","embeddable":true,"href":"https:\/\/blacksmith-displays.com\/de\/wp-json\/wp\/v2\/product_cat?post=14762"},{"taxonomy":"product_tag","embeddable":true,"href":"https:\/\/blacksmith-displays.com\/de\/wp-json\/wp\/v2\/product_tag?post=14762"}],"curies":[{"name":"wp","href":"https:\/\/api.w.org\/{rel}","templated":true}]}}