{"id":15308,"date":"2024-09-27T13:28:57","date_gmt":"2024-09-27T11:28:57","guid":{"rendered":"https:\/\/blacksmith-displays.com\/kategoria\/unkategorisiert\/illumigo-one\/"},"modified":"2025-09-27T12:51:58","modified_gmt":"2025-09-27T10:51:58","slug":"illumigo-one","status":"publish","type":"product","link":"https:\/\/blacksmith-displays.com\/de\/produkt\/leuchtkaesten\/freistehende-leuchtkaesten\/illumigo-one\/","title":{"rendered":"IllumiGO One 2&#215;1"},"content":{"rendered":"<p>Der Illumigo&#x2122; One 2&#215;1 ist ein tragbarer, einseitiger LED-Leuchtkasten, der mit einer praktischen Tragetasche und F\u00e4chern ausgestattet ist. Diese einfach zu handhabende Plug-and-Play-L\u00f6sung erm\u00f6glicht eine schnelle Installation dank des einziehbaren LED-Panels, des nummerierten Komponentensystems und der vorinstallierten Drehf\u00fc\u00dfe. Durch die kompakte Bauweise und die einfache Handhabung eignet sich der Illumigo&#x2122; One ideal f\u00fcr den flexiblen Einsatz bei verschiedensten Veranstaltungen.<\/p>\n","protected":false},"excerpt":{"rendered":"<p>Geeignet f\u00fcr folgende Veranstaltungen und Einsatzorte:<br \/>\n<br \/>\nMessen und Ausstellungen: Ideal, um Ihre Botschaften durch eine stilvolle und beleuchtete Pr\u00e4sentation hervorzuheben.<br \/>\nFirmen-Events und Konferenzen: Perfekt als beleuchteter Werbetr\u00e4ger oder Hintergrund f\u00fcr Pr\u00e4sentationen.<br \/>\nPromotionen und Verkaufsaktionen: Dank der schnellen Installation und der Tragbarkeit ideal f\u00fcr kurzfristige Aktionen und mobile Werbung.<br \/>\nShowrooms und Verkaufsr\u00e4ume: Eine gro\u00dfartige M\u00f6glichkeit, Ihre Produkte durch beleuchtete Displays ins richtige Licht zu r\u00fccken.<\/p>\n","protected":false},"featured_media":9605,"template":"","meta":{"_acf_changed":false,"rank_math_lock_modified_date":false},"product_cat":[304],"product_tag":[],"class_list":{"0":"post-15308","1":"product","2":"type-product","3":"status-publish","4":"has-post-thumbnail","6":"product_cat-freistehende-leuchtkaesten","8":"first","9":"instock","10":"shipping-taxable","11":"purchasable","12":"product-type-variable"},"acf":[],"_links":{"self":[{"href":"https:\/\/blacksmith-displays.com\/de\/wp-json\/wp\/v2\/product\/15308","targetHints":{"allow":["GET"]}}],"collection":[{"href":"https:\/\/blacksmith-displays.com\/de\/wp-json\/wp\/v2\/product"}],"about":[{"href":"https:\/\/blacksmith-displays.com\/de\/wp-json\/wp\/v2\/types\/product"}],"wp:featuredmedia":[{"embeddable":true,"href":"https:\/\/blacksmith-displays.com\/de\/wp-json\/wp\/v2\/media\/9605"}],"wp:attachment":[{"href":"https:\/\/blacksmith-displays.com\/de\/wp-json\/wp\/v2\/media?parent=15308"}],"wp:term":[{"taxonomy":"product_cat","embeddable":true,"href":"https:\/\/blacksmith-displays.com\/de\/wp-json\/wp\/v2\/product_cat?post=15308"},{"taxonomy":"product_tag","embeddable":true,"href":"https:\/\/blacksmith-displays.com\/de\/wp-json\/wp\/v2\/product_tag?post=15308"}],"curies":[{"name":"wp","href":"https:\/\/api.w.org\/{rel}","templated":true}]}}