{"id":15318,"date":"2024-09-27T13:30:28","date_gmt":"2024-09-27T11:30:28","guid":{"rendered":"https:\/\/blacksmith-displays.com\/kategoria\/unkategorisiert\/illumigo\/"},"modified":"2025-09-27T12:51:58","modified_gmt":"2025-09-27T10:51:58","slug":"illumigo","status":"publish","type":"product","link":"https:\/\/blacksmith-displays.com\/de\/produkt\/leuchtkaesten\/freistehende-leuchtkaesten\/illumigo\/","title":{"rendered":"IllumiGO 2&#215;1"},"content":{"rendered":"<p>iLLUMiGO&#x2122; 2&#215;1 ist ein innovativer, tragbarer LED-Leuchtkasten. Er wird in einer sch\u00fctzenden Transportbox mit F\u00e4chern und einem praktischen Tragegriff geliefert, was den Transport erleichtert. Dank der in den Rahmen integrierten LED-Beleuchtung und der Grafik mit Silikonkeder ist das System in wenigen Minuten einsatzbereit.<\/p>\n","protected":false},"excerpt":{"rendered":"<p>Geeignet f\u00fcr folgende Veranstaltungen und Einsatzorte:<br \/>\n<br \/>\nMessen und Ausstellungen: Ideal, um Ihre Werbung auf eine moderne und beleuchtete Weise in Szene zu setzen.<br \/>\nFirmen-Events und Konferenzen: Perfekt als leuchtender Hintergrund f\u00fcr Pr\u00e4sentationen oder als auff\u00e4lliges Werbeelement.<br \/>\nPromotionen und Verkaufsaktionen: Durch die einfache Montage und Tragbarkeit besonders geeignet f\u00fcr kurzfristige und mobile Werbeaktionen.<br \/>\nShowrooms und Verkaufsfl\u00e4chen: Verleiht Ihren Produkten durch beleuchtete Displays ein professionelles und ansprechendes Erscheinungsbild.<\/p>\n","protected":false},"featured_media":9615,"template":"","meta":{"_acf_changed":false,"rank_math_lock_modified_date":false},"product_cat":[304],"product_tag":[],"class_list":{"0":"post-15318","1":"product","2":"type-product","3":"status-publish","4":"has-post-thumbnail","6":"product_cat-freistehende-leuchtkaesten","8":"first","9":"instock","10":"shipping-taxable","11":"purchasable","12":"product-type-variable"},"acf":[],"_links":{"self":[{"href":"https:\/\/blacksmith-displays.com\/de\/wp-json\/wp\/v2\/product\/15318","targetHints":{"allow":["GET"]}}],"collection":[{"href":"https:\/\/blacksmith-displays.com\/de\/wp-json\/wp\/v2\/product"}],"about":[{"href":"https:\/\/blacksmith-displays.com\/de\/wp-json\/wp\/v2\/types\/product"}],"wp:featuredmedia":[{"embeddable":true,"href":"https:\/\/blacksmith-displays.com\/de\/wp-json\/wp\/v2\/media\/9615"}],"wp:attachment":[{"href":"https:\/\/blacksmith-displays.com\/de\/wp-json\/wp\/v2\/media?parent=15318"}],"wp:term":[{"taxonomy":"product_cat","embeddable":true,"href":"https:\/\/blacksmith-displays.com\/de\/wp-json\/wp\/v2\/product_cat?post=15318"},{"taxonomy":"product_tag","embeddable":true,"href":"https:\/\/blacksmith-displays.com\/de\/wp-json\/wp\/v2\/product_tag?post=15318"}],"curies":[{"name":"wp","href":"https:\/\/api.w.org\/{rel}","templated":true}]}}