{"id":15320,"date":"2024-09-27T13:30:29","date_gmt":"2024-09-27T11:30:29","guid":{"rendered":"https:\/\/blacksmith-displays.com\/kategoria\/unkategorisiert\/kaseton-reklamowy-slim\/"},"modified":"2025-09-27T12:52:11","modified_gmt":"2025-09-27T10:52:11","slug":"slim-leuchtkaesten","status":"publish","type":"product","link":"https:\/\/blacksmith-displays.com\/de\/produkt\/leuchtkaesten\/freistehende-leuchtkaesten\/slim-leuchtkaesten\/","title":{"rendered":"SLIM-Werbeleuchtkasten"},"content":{"rendered":"<p>Der SLIM-Werbeleuchtkasten ist ein moderner, freistehender Leuchtkasten mit beidseitiger Bedruckung. Seine Leichtbauweise resultiert aus der Verwendung eines ultraschlanken Aluminiumrahmens. Der SLIM-Werbeleuchtkasten ist eine innovative Alternative zu herk\u00f6mmlichen Roll-ups. Das Produkt verf\u00fcgt \u00fcber eine doppelseitige Edge-LED-Beleuchtung, die eine hervorragende Sichtbarkeit der Werbung von beiden Seiten gew\u00e4hrleistet.<\/p>\n","protected":false},"excerpt":{"rendered":"<p>Geeignet f\u00fcr folgende Veranstaltungen und Einsatzorte:<br \/>\n<br \/>\nMessen und Ausstellungen: Ideal, um Ihre Werbebotschaften beidseitig und beleuchtet in einem modernen Design zu pr\u00e4sentieren.<br \/>\nFirmen-Events und Konferenzen: Perfekt als beleuchteter Werbetr\u00e4ger oder als stilvolles Hintergrundelement f\u00fcr Pr\u00e4sentationen.<br \/>\nVerkaufsfl\u00e4chen und Showrooms: Setzen Sie Ihre Produkte durch die doppelseitige Beleuchtung optimal in Szene.<br \/>\nEmpfangs- und Eingangsbereiche: Eine elegante und auff\u00e4llige L\u00f6sung, um Ihre Botschaften klar und sichtbar zu platzieren.<\/p>\n","protected":false},"featured_media":19898,"template":"","meta":{"_acf_changed":false,"rank_math_lock_modified_date":false},"product_cat":[304],"product_tag":[],"class_list":{"0":"post-15320","1":"product","2":"type-product","3":"status-publish","4":"has-post-thumbnail","6":"product_cat-freistehende-leuchtkaesten","8":"first","9":"instock","10":"shipping-taxable","11":"purchasable","12":"product-type-variable","13":"has-default-attributes"},"acf":[],"_links":{"self":[{"href":"https:\/\/blacksmith-displays.com\/de\/wp-json\/wp\/v2\/product\/15320","targetHints":{"allow":["GET"]}}],"collection":[{"href":"https:\/\/blacksmith-displays.com\/de\/wp-json\/wp\/v2\/product"}],"about":[{"href":"https:\/\/blacksmith-displays.com\/de\/wp-json\/wp\/v2\/types\/product"}],"wp:featuredmedia":[{"embeddable":true,"href":"https:\/\/blacksmith-displays.com\/de\/wp-json\/wp\/v2\/media\/19898"}],"wp:attachment":[{"href":"https:\/\/blacksmith-displays.com\/de\/wp-json\/wp\/v2\/media?parent=15320"}],"wp:term":[{"taxonomy":"product_cat","embeddable":true,"href":"https:\/\/blacksmith-displays.com\/de\/wp-json\/wp\/v2\/product_cat?post=15320"},{"taxonomy":"product_tag","embeddable":true,"href":"https:\/\/blacksmith-displays.com\/de\/wp-json\/wp\/v2\/product_tag?post=15320"}],"curies":[{"name":"wp","href":"https:\/\/api.w.org\/{rel}","templated":true}]}}