{"id":15330,"date":"2024-09-27T13:31:51","date_gmt":"2024-09-27T11:31:51","guid":{"rendered":"https:\/\/blacksmith-displays.com\/kategoria\/unkategorisiert\/kaseton-reklamowy-double\/"},"modified":"2025-09-27T13:02:58","modified_gmt":"2025-09-27T11:02:58","slug":"leuchtkasten-doppelt","status":"publish","type":"product","link":"https:\/\/blacksmith-displays.com\/de\/produkt\/leuchtkaesten\/freistehende-leuchtkaesten\/leuchtkasten-doppelt\/","title":{"rendered":"Leuchtkasten Double"},"content":{"rendered":"<p>Der Leuchtkasten Double zeichnet sich durch seine leichte Bauweise und den hochwertigen Druck auf Textilmaterial aus. Der freistehende Leuchtkasten ist eine moderne Alternative zum Standard-Roll-up. Seine Leichtbauweise resultiert aus der Verwendung eines ultraschlanken Aluminiumrahmens. Das Produkt verf\u00fcgt \u00fcber eine doppelseitige Edge-LED-Beleuchtung, die eine hervorragende Sichtbarkeit der Werbung von beiden Seiten gew\u00e4hrleistet.<\/p>\n","protected":false},"excerpt":{"rendered":"<p>Geeignet f\u00fcr folgende Veranstaltungen und Einsatzorte:<br \/>\n<br \/>\nMessen und Ausstellungen: Perfekt, um Ihre Werbebotschaften beidseitig beleuchtet und in einem modernen, eleganten Rahmen zu pr\u00e4sentieren.<br \/>\nFirmen-Events und Konferenzen: Ideal als beleuchteter Hintergrund f\u00fcr Pr\u00e4sentationen oder als auff\u00e4lliger Werbetr\u00e4ger auf Events.<br \/>\nVerkaufsfl\u00e4chen und Showrooms: Pr\u00e4sentieren Sie Ihre Produkte durch die doppelseitige Beleuchtung auf stilvolle und auff\u00e4llige Weise.<br \/>\nEmpfangs- und Eingangsbereiche: Eine elegante und platzsparende M\u00f6glichkeit, Werbebotschaften klar und sichtbar zu platzieren.<\/p>\n","protected":false},"featured_media":19901,"template":"","meta":{"_acf_changed":false,"rank_math_lock_modified_date":false},"product_cat":[304],"product_tag":[],"class_list":{"0":"post-15330","1":"product","2":"type-product","3":"status-publish","4":"has-post-thumbnail","6":"product_cat-freistehende-leuchtkaesten","8":"first","9":"instock","10":"shipping-taxable","11":"purchasable","12":"product-type-variable"},"acf":[],"_links":{"self":[{"href":"https:\/\/blacksmith-displays.com\/de\/wp-json\/wp\/v2\/product\/15330","targetHints":{"allow":["GET"]}}],"collection":[{"href":"https:\/\/blacksmith-displays.com\/de\/wp-json\/wp\/v2\/product"}],"about":[{"href":"https:\/\/blacksmith-displays.com\/de\/wp-json\/wp\/v2\/types\/product"}],"wp:featuredmedia":[{"embeddable":true,"href":"https:\/\/blacksmith-displays.com\/de\/wp-json\/wp\/v2\/media\/19901"}],"wp:attachment":[{"href":"https:\/\/blacksmith-displays.com\/de\/wp-json\/wp\/v2\/media?parent=15330"}],"wp:term":[{"taxonomy":"product_cat","embeddable":true,"href":"https:\/\/blacksmith-displays.com\/de\/wp-json\/wp\/v2\/product_cat?post=15330"},{"taxonomy":"product_tag","embeddable":true,"href":"https:\/\/blacksmith-displays.com\/de\/wp-json\/wp\/v2\/product_tag?post=15330"}],"curies":[{"name":"wp","href":"https:\/\/api.w.org\/{rel}","templated":true}]}}