{"id":15468,"date":"2024-09-27T13:47:51","date_gmt":"2024-09-27T11:47:51","guid":{"rendered":"https:\/\/blacksmith-displays.com\/kategoria\/unkategorisiert\/kaseton-reklamowy-65mm\/"},"modified":"2025-09-27T13:12:44","modified_gmt":"2025-09-27T11:12:44","slug":"leuchtkasten-65mm","status":"publish","type":"product","link":"https:\/\/blacksmith-displays.com\/de\/produkt\/leuchtkaesten\/leuchtkaesten-fuer-die-wandmontage\/leuchtkasten-65mm\/","title":{"rendered":"Wandleuchtkasten 65mm"},"content":{"rendered":"<p>Der Wandleuchtkasten 65mm ist die ideale Wahl f\u00fcr die Gestaltung von Gesch\u00e4ftsr\u00e4umen, Schaufenstern oder B\u00fcros. Auf den Textildrucken k\u00f6nnen wir Ihre personalisierten Grafiken platzieren, die dank der LED-Beleuchtung noch st\u00e4rker zur Geltung kommen. Dies zieht effektiv die Aufmerksamkeit der Zielgruppe auf sich und verst\u00e4rkt Ihre Marketingbotschaft. Der einseitige Leuchtkasten besteht aus einer robusten Aluminiumkonstruktion, LED-Dioden und hochwertigen Textildrucken.<\/p>\n","protected":false},"excerpt":{"rendered":"<p>Geeignet f\u00fcr folgende Veranstaltungen und Einsatzorte:<br \/>\n<br \/>\nLadengesch\u00e4fte und Schaufenster: Perfekt, um Produkte und Werbebotschaften in Schaufenstern auf eindrucksvolle Weise hervorzuheben.<br \/>\nB\u00fcros und Gesch\u00e4ftsr\u00e4ume: Ideal zur Darstellung von Logos, Slogans oder wichtigen Informationen in einem professionellen Rahmen.<br \/>\nDienstleistungsr\u00e4ume: Perfekt f\u00fcr die visuelle Gestaltung von Eingangsbereichen oder Wartezimmern.<br \/>\nMessen und Ausstellungen: Hervorragend f\u00fcr auff\u00e4llige und gut beleuchtete Pr\u00e4sentationen.<\/p>\n","protected":false},"featured_media":19931,"template":"","meta":{"_acf_changed":false,"rank_math_lock_modified_date":false},"product_cat":[296],"product_tag":[],"class_list":{"0":"post-15468","1":"product","2":"type-product","3":"status-publish","4":"has-post-thumbnail","6":"product_cat-leuchtkaesten-fuer-die-wandmontage","8":"first","9":"instock","10":"shipping-taxable","11":"purchasable","12":"product-type-variable"},"acf":[],"_links":{"self":[{"href":"https:\/\/blacksmith-displays.com\/de\/wp-json\/wp\/v2\/product\/15468","targetHints":{"allow":["GET"]}}],"collection":[{"href":"https:\/\/blacksmith-displays.com\/de\/wp-json\/wp\/v2\/product"}],"about":[{"href":"https:\/\/blacksmith-displays.com\/de\/wp-json\/wp\/v2\/types\/product"}],"wp:featuredmedia":[{"embeddable":true,"href":"https:\/\/blacksmith-displays.com\/de\/wp-json\/wp\/v2\/media\/19931"}],"wp:attachment":[{"href":"https:\/\/blacksmith-displays.com\/de\/wp-json\/wp\/v2\/media?parent=15468"}],"wp:term":[{"taxonomy":"product_cat","embeddable":true,"href":"https:\/\/blacksmith-displays.com\/de\/wp-json\/wp\/v2\/product_cat?post=15468"},{"taxonomy":"product_tag","embeddable":true,"href":"https:\/\/blacksmith-displays.com\/de\/wp-json\/wp\/v2\/product_tag?post=15468"}],"curies":[{"name":"wp","href":"https:\/\/api.w.org\/{rel}","templated":true}]}}