{"id":15644,"date":"2024-09-27T14:01:42","date_gmt":"2024-09-27T12:01:42","guid":{"rendered":"https:\/\/blacksmith-displays.com\/kategoria\/unkategorisiert\/kaseton-reklamowy-led-shild\/"},"modified":"2025-09-27T13:12:44","modified_gmt":"2025-09-27T11:12:44","slug":"led-shild-leuchtkasten","status":"publish","type":"product","link":"https:\/\/blacksmith-displays.com\/de\/produkt\/leuchtkaesten\/leuchtkaesten-fuer-die-wandmontage\/led-shild-leuchtkasten\/","title":{"rendered":"LED-Shild Leuchtkasten"},"content":{"rendered":"<p>Der LED-Shild ist ein beleuchtetes Schild, das speziell f\u00fcr Au\u00dfenwerbung entwickelt wurde. Hergestellt aus robusten Materialien, zeichnet es sich durch eine hohe Wetterbest\u00e4ndigkeit aus und trotzt unterschiedlichen Witterungsbedingungen. Der LED-Shild ist in drei verschiedenen Gr\u00f6\u00dfen erh\u00e4ltlich, um unterschiedlichen Werbebed\u00fcrfnissen gerecht zu werden.<\/p>\n","protected":false},"excerpt":{"rendered":"<p>Geeignet f\u00fcr folgende Veranstaltungen und Einsatzorte:<br \/>\n<br \/>\nAu\u00dfenwerbung: Ideal f\u00fcr den Einsatz an Fassaden, um Werbebotschaften auch bei schwierigen Wetterbedingungen klar zu pr\u00e4sentieren.<br \/>\nGesch\u00e4ftseing\u00e4nge: Perfekt, um Marken und wichtige Informationen an Au\u00dfenw\u00e4nden sichtbar zu machen.<br \/>\nEinkaufszentren: Eine langlebige L\u00f6sung f\u00fcr Werbung im Freien, die auch bei Regen und Sonne sichtbar bleibt.<br \/>\nParkpl\u00e4tze und Au\u00dfenanlagen: Hervorragend, um Kunden den Weg zu weisen oder Sonderangebote im Au\u00dfenbereich hervorzuheben.<\/p>\n","protected":false},"featured_media":19937,"template":"","meta":{"_acf_changed":false,"rank_math_lock_modified_date":false},"product_cat":[296],"product_tag":[],"class_list":{"0":"post-15644","1":"product","2":"type-product","3":"status-publish","4":"has-post-thumbnail","6":"product_cat-leuchtkaesten-fuer-die-wandmontage","8":"first","9":"instock","10":"shipping-taxable","11":"purchasable","12":"product-type-variable"},"acf":[],"_links":{"self":[{"href":"https:\/\/blacksmith-displays.com\/de\/wp-json\/wp\/v2\/product\/15644","targetHints":{"allow":["GET"]}}],"collection":[{"href":"https:\/\/blacksmith-displays.com\/de\/wp-json\/wp\/v2\/product"}],"about":[{"href":"https:\/\/blacksmith-displays.com\/de\/wp-json\/wp\/v2\/types\/product"}],"wp:featuredmedia":[{"embeddable":true,"href":"https:\/\/blacksmith-displays.com\/de\/wp-json\/wp\/v2\/media\/19937"}],"wp:attachment":[{"href":"https:\/\/blacksmith-displays.com\/de\/wp-json\/wp\/v2\/media?parent=15644"}],"wp:term":[{"taxonomy":"product_cat","embeddable":true,"href":"https:\/\/blacksmith-displays.com\/de\/wp-json\/wp\/v2\/product_cat?post=15644"},{"taxonomy":"product_tag","embeddable":true,"href":"https:\/\/blacksmith-displays.com\/de\/wp-json\/wp\/v2\/product_tag?post=15644"}],"curies":[{"name":"wp","href":"https:\/\/api.w.org\/{rel}","templated":true}]}}