{"id":15666,"date":"2024-09-27T14:06:18","date_gmt":"2024-09-27T12:06:18","guid":{"rendered":"https:\/\/blacksmith-displays.com\/kategoria\/unkategorisiert\/kasetony-podwieszane-cube-led\/"},"modified":"2024-11-11T18:13:22","modified_gmt":"2024-11-11T17:13:22","slug":"cube-led-leuchtkaesten","status":"publish","type":"product","link":"https:\/\/blacksmith-displays.com\/de\/produkt\/leuchtkaesten\/leuchtkaesten-zur-deckenabhaengung\/cube-led-leuchtkaesten\/","title":{"rendered":"Cube-LED H\u00e4ngeleuchtkasten"},"content":{"rendered":"<p>Die Cube-LED H\u00e4ngeleuchtk\u00e4sten sind beleuchtete Werbepanels in Form eines W\u00fcrfels oder Quaders, die sich ideal zum Aufh\u00e4ngen eignen. Das Schild ist von allen Seiten beleuchtet und mit Grafiken bedeckt, wodurch es aus jedem Blickwinkel perfekt sichtbar ist. Jeder Leuchtkasten wird auf individuelle Bestellung angefertigt, um die spezifischen Anforderungen des Kunden zu erf\u00fcllen.<\/p>\n","protected":false},"excerpt":{"rendered":"<p>Geeignet f\u00fcr folgende Veranstaltungen und Einsatzorte:<br \/>\n<br \/>\nMessen und Ausstellungen: Perfekt, um Ihre Marke oder Produkte auf besonders auff\u00e4llige Weise zu pr\u00e4sentieren.<br \/>\nEinkaufszentren: Ideal, um Werbung sichtbar von allen Seiten in gro\u00dfen offenen R\u00e4umen zu platzieren.<br \/>\nB\u00fcros und Empfangsbereiche: Schaffen Sie einen visuellen Mittelpunkt, der von allen Seiten klar erkennbar ist.<br \/>\nVerkaufsr\u00e4ume: Effektive Platzierung von Werbebotschaften \u00fcber den Regalen oder Produkten, um maximale Aufmerksamkeit zu erzielen.<\/p>\n","protected":false},"featured_media":19940,"template":"","meta":{"_acf_changed":false,"rank_math_lock_modified_date":false},"product_cat":[300],"product_tag":[],"class_list":{"0":"post-15666","1":"product","2":"type-product","3":"status-publish","4":"has-post-thumbnail","6":"product_cat-leuchtkaesten-zur-deckenabhaengung","8":"first","9":"instock","10":"shipping-taxable","11":"purchasable","12":"product-type-variable"},"acf":[],"_links":{"self":[{"href":"https:\/\/blacksmith-displays.com\/de\/wp-json\/wp\/v2\/product\/15666","targetHints":{"allow":["GET"]}}],"collection":[{"href":"https:\/\/blacksmith-displays.com\/de\/wp-json\/wp\/v2\/product"}],"about":[{"href":"https:\/\/blacksmith-displays.com\/de\/wp-json\/wp\/v2\/types\/product"}],"wp:featuredmedia":[{"embeddable":true,"href":"https:\/\/blacksmith-displays.com\/de\/wp-json\/wp\/v2\/media\/19940"}],"wp:attachment":[{"href":"https:\/\/blacksmith-displays.com\/de\/wp-json\/wp\/v2\/media?parent=15666"}],"wp:term":[{"taxonomy":"product_cat","embeddable":true,"href":"https:\/\/blacksmith-displays.com\/de\/wp-json\/wp\/v2\/product_cat?post=15666"},{"taxonomy":"product_tag","embeddable":true,"href":"https:\/\/blacksmith-displays.com\/de\/wp-json\/wp\/v2\/product_tag?post=15666"}],"curies":[{"name":"wp","href":"https:\/\/api.w.org\/{rel}","templated":true}]}}