{"id":15676,"date":"2024-09-27T14:06:29","date_gmt":"2024-09-27T12:06:29","guid":{"rendered":"https:\/\/blacksmith-displays.com\/kategoria\/unkategorisiert\/zed-up-lite\/"},"modified":"2025-09-27T13:18:49","modified_gmt":"2025-09-27T11:18:49","slug":"zed-up-lite","status":"publish","type":"product","link":"https:\/\/blacksmith-displays.com\/de\/produkt\/werbestaender\/prospektstaender-aus-metall\/zed-up-lite\/","title":{"rendered":"Zed-up Lite"},"content":{"rendered":"<p>Diese Produktreihe bietet stylische, leicht transportierbare Prospektst\u00e4nder aus robustem Aluminium. Der Zed-up Lite punktet mit seiner blitzschnellen Aufklappfunktion \u2013 perfekt f\u00fcr den spontanen Einsatz auf Messen und Ausstellungen. Dank seines durchdachten Designs l\u00e4sst sich der St\u00e4nder im Handumdrehen zusammenklappen und sicher in der mitgelieferten, stabilen Tragetasche verstauen. So sind Sie immer bereit, Ihre Brosch\u00fcren und Prospekte professionell zu pr\u00e4sentieren \u2013 egal, wo Sie gerade sind.<\/p>\n","protected":false},"excerpt":{"rendered":"<p>Geeignet f\u00fcr:<br \/>\n<br \/>\nMessen und Ausstellungen: Ideal, um Informationsmaterial professionell zu pr\u00e4sentieren.<br \/>\nFirmenveranstaltungen: Praktisch f\u00fcr die \u00fcbersichtliche Bereitstellung von Prospekten und Brosch\u00fcren.<br \/>\nEmpfangsbereiche: Eine elegante L\u00f6sung, um Kundeninformationen griffbereit zu halten.<br \/>\nSchulungen und Seminare: Perfekt, um Schulungsunterlagen ordentlich und gut sichtbar zu pr\u00e4sentieren.<\/p>\n","protected":false},"featured_media":9823,"template":"","meta":{"_acf_changed":false,"rank_math_lock_modified_date":false},"product_cat":[442,276],"product_tag":[],"class_list":{"0":"post-15676","1":"product","2":"type-product","3":"status-publish","4":"has-post-thumbnail","6":"product_cat-prospektstaender-aus-metall","7":"product_cat-zubehoer","9":"first","10":"instock","11":"shipping-taxable","12":"purchasable","13":"product-type-variable"},"acf":[],"_links":{"self":[{"href":"https:\/\/blacksmith-displays.com\/de\/wp-json\/wp\/v2\/product\/15676","targetHints":{"allow":["GET"]}}],"collection":[{"href":"https:\/\/blacksmith-displays.com\/de\/wp-json\/wp\/v2\/product"}],"about":[{"href":"https:\/\/blacksmith-displays.com\/de\/wp-json\/wp\/v2\/types\/product"}],"wp:featuredmedia":[{"embeddable":true,"href":"https:\/\/blacksmith-displays.com\/de\/wp-json\/wp\/v2\/media\/9823"}],"wp:attachment":[{"href":"https:\/\/blacksmith-displays.com\/de\/wp-json\/wp\/v2\/media?parent=15676"}],"wp:term":[{"taxonomy":"product_cat","embeddable":true,"href":"https:\/\/blacksmith-displays.com\/de\/wp-json\/wp\/v2\/product_cat?post=15676"},{"taxonomy":"product_tag","embeddable":true,"href":"https:\/\/blacksmith-displays.com\/de\/wp-json\/wp\/v2\/product_tag?post=15676"}],"curies":[{"name":"wp","href":"https:\/\/api.w.org\/{rel}","templated":true}]}}