{"id":15688,"date":"2024-09-27T14:08:02","date_gmt":"2024-09-27T12:08:02","guid":{"rendered":"https:\/\/blacksmith-displays.com\/kategoria\/unkategorisiert\/monsoon\/"},"modified":"2025-09-27T13:18:49","modified_gmt":"2025-09-27T11:18:49","slug":"monsoon","status":"publish","type":"product","link":"https:\/\/blacksmith-displays.com\/de\/produkt\/werbestaender\/prospektstaender-aus-metall\/monsoon\/","title":{"rendered":"Monsoon"},"content":{"rendered":"<p>Der Monsoon ist ein langlebiger und robuster A-Rahmen Banner, der sowohl einseitig als auch zweiseitig eingesetzt werden kann. Die Grafik, die auf PVC gedruckt ist, wird mithilfe elastischer Gummib\u00e4nder befestigt, was einen einfachen Austausch und eine stabile Fixierung gew\u00e4hrleistet. Dieser vielseitige Banner eignet sich hervorragend f\u00fcr den Einsatz im Au\u00dfenbereich.<\/p>\n","protected":false},"excerpt":{"rendered":"<p>Geeignet f\u00fcr folgende Veranstaltungen und Einsatzorte:<br \/>\n<br \/>\nAu\u00dfenveranstaltungen: Ideal f\u00fcr wetterfeste Werbebotschaften bei Messen oder Sportevents.<br \/>\nEinkaufszentren und Fu\u00dfg\u00e4ngerzonen: Perfekt, um Promotions und Aktionen im Au\u00dfenbereich zu pr\u00e4sentieren.<br \/>\nParkpl\u00e4tze und Eingangsbereiche: Effektive M\u00f6glichkeit, Informationen oder Werbung gut sichtbar zu platzieren.<br \/>\nMessen und Ausstellungen: Einfache und auff\u00e4llige L\u00f6sung f\u00fcr tempor\u00e4re Werbeaktionen im Innen- und Au\u00dfenbereich.<\/p>\n","protected":false},"featured_media":9831,"template":"","meta":{"_acf_changed":false,"rank_math_lock_modified_date":false},"product_cat":[442,346],"product_tag":[],"class_list":{"0":"post-15688","1":"product","2":"type-product","3":"status-publish","4":"has-post-thumbnail","6":"product_cat-prospektstaender-aus-metall","7":"product_cat-werbebanner","9":"first","10":"instock","11":"shipping-taxable","12":"purchasable","13":"product-type-variable"},"acf":[],"_links":{"self":[{"href":"https:\/\/blacksmith-displays.com\/de\/wp-json\/wp\/v2\/product\/15688","targetHints":{"allow":["GET"]}}],"collection":[{"href":"https:\/\/blacksmith-displays.com\/de\/wp-json\/wp\/v2\/product"}],"about":[{"href":"https:\/\/blacksmith-displays.com\/de\/wp-json\/wp\/v2\/types\/product"}],"wp:featuredmedia":[{"embeddable":true,"href":"https:\/\/blacksmith-displays.com\/de\/wp-json\/wp\/v2\/media\/9831"}],"wp:attachment":[{"href":"https:\/\/blacksmith-displays.com\/de\/wp-json\/wp\/v2\/media?parent=15688"}],"wp:term":[{"taxonomy":"product_cat","embeddable":true,"href":"https:\/\/blacksmith-displays.com\/de\/wp-json\/wp\/v2\/product_cat?post=15688"},{"taxonomy":"product_tag","embeddable":true,"href":"https:\/\/blacksmith-displays.com\/de\/wp-json\/wp\/v2\/product_tag?post=15688"}],"curies":[{"name":"wp","href":"https:\/\/api.w.org\/{rel}","templated":true}]}}