{"id":15707,"date":"2024-09-27T14:10:59","date_gmt":"2024-09-27T12:10:59","guid":{"rendered":"https:\/\/blacksmith-displays.com\/kategoria\/unkategorisiert\/a-sign-board\/"},"modified":"2025-09-27T13:18:49","modified_gmt":"2025-09-27T11:18:49","slug":"a-sign-board","status":"publish","type":"product","link":"https:\/\/blacksmith-displays.com\/de\/produkt\/werbestaender\/prospektstaender-aus-metall\/a-sign-board\/","title":{"rendered":"A-Sign Board"},"content":{"rendered":"<p>Au\u00dfenwerbetafeln sind ein Grundpfeiler des Marketings, und keine Stra\u00dfe kann ohne sie auskommen. Das A-sign Board geh\u00f6rt zu den besten Optionen. Es ist einfach zu handhaben, verf\u00fcgt \u00fcber beidseitige, klappbare Rahmen und wird mit einer sch\u00fctzenden PVC-Folie geliefert, die die Grafik abdeckt. Die Botschaft kann mehrfach ausgetauscht werden, um sich an wechselnde Angebote und Aktionen anzupassen.<\/p>\n","protected":false},"excerpt":{"rendered":"<p>Geeignet f\u00fcr folgende Veranstaltungen und Einsatzorte:<br \/>\n<br \/>\nStra\u00dfen- und Gehwegwerbung: Ideal, um Passanten auf aktuelle Angebote oder Aktionen aufmerksam zu machen.<br \/>\nGesch\u00e4ftseing\u00e4nge: Perfekt, um direkt vor Ihrem Laden Kunden mit einer klaren, wechselbaren Botschaft zu empfangen.<br \/>\nVerkaufsfl\u00e4chen: Erm\u00f6glicht eine flexible Anpassung der Werbung an saisonale Angebote oder Sonderaktionen.<br \/>\nVeranstaltungen im Freien: Einfache L\u00f6sung f\u00fcr tempor\u00e4re, wiederverwendbare Werbebotschaften, die beidseitig sichtbar sind.<\/p>\n","protected":false},"featured_media":9847,"template":"","meta":{"_acf_changed":false,"rank_math_lock_modified_date":false},"product_cat":[366,442],"product_tag":[],"class_list":{"0":"post-15707","1":"product","2":"type-product","3":"status-publish","4":"has-post-thumbnail","6":"product_cat-kundenstopper","7":"product_cat-prospektstaender-aus-metall","9":"first","10":"instock","11":"shipping-taxable","12":"purchasable","13":"product-type-variable"},"acf":[],"_links":{"self":[{"href":"https:\/\/blacksmith-displays.com\/de\/wp-json\/wp\/v2\/product\/15707","targetHints":{"allow":["GET"]}}],"collection":[{"href":"https:\/\/blacksmith-displays.com\/de\/wp-json\/wp\/v2\/product"}],"about":[{"href":"https:\/\/blacksmith-displays.com\/de\/wp-json\/wp\/v2\/types\/product"}],"wp:featuredmedia":[{"embeddable":true,"href":"https:\/\/blacksmith-displays.com\/de\/wp-json\/wp\/v2\/media\/9847"}],"wp:attachment":[{"href":"https:\/\/blacksmith-displays.com\/de\/wp-json\/wp\/v2\/media?parent=15707"}],"wp:term":[{"taxonomy":"product_cat","embeddable":true,"href":"https:\/\/blacksmith-displays.com\/de\/wp-json\/wp\/v2\/product_cat?post=15707"},{"taxonomy":"product_tag","embeddable":true,"href":"https:\/\/blacksmith-displays.com\/de\/wp-json\/wp\/v2\/product_tag?post=15707"}],"curies":[{"name":"wp","href":"https:\/\/api.w.org\/{rel}","templated":true}]}}