{"id":15709,"date":"2024-09-27T14:10:59","date_gmt":"2024-09-27T12:10:59","guid":{"rendered":"https:\/\/blacksmith-displays.com\/kategoria\/unkategorisiert\/whirlwind\/"},"modified":"2025-09-27T13:18:49","modified_gmt":"2025-09-27T11:18:49","slug":"whirlwind","status":"publish","type":"product","link":"https:\/\/blacksmith-displays.com\/de\/produkt\/werbestaender\/prospektstaender-aus-metall\/whirlwind\/","title":{"rendered":"Whirlwind"},"content":{"rendered":"<p>Die Whirlwind Werbeaufsteller sind robust und wetterfest, ideal f\u00fcr den Einsatz im Freien. Die Werbebotschaft ist auf Federn montiert, die an einer Basis mit Rollen befestigt sind. F\u00fcr zus\u00e4tzliche Stabilit\u00e4t kann die Basis mit bis zu 25 Litern Wasser gef\u00fcllt werden. Die beidseitige Grafik ist sicher in einem klappbaren Rahmen angebracht, wodurch sie gut gesch\u00fctzt und leicht austauschbar ist.<\/p>\n","protected":false},"excerpt":{"rendered":"<p>Geeignet f\u00fcr folgende Veranstaltungen und Einsatzorte:<br \/>\n<br \/>\nAu\u00dfenwerbung: Ideal f\u00fcr wetterfeste Werbebotschaften bei jedem Wetter.<br \/>\nVeranstaltungen im Freien: Perfekt f\u00fcr tempor\u00e4re Werbeaktionen, die schnell auf- und abgebaut werden k\u00f6nnen.<br \/>\nGehwege und Eingangsbereiche: Robuste L\u00f6sung, um Werbung oder wichtige Informationen sicher und sichtbar zu pr\u00e4sentieren.<br \/>\nEinkaufszentren und Fu\u00dfg\u00e4ngerzonen: Attraktive M\u00f6glichkeit, Passanten mit beidseitigen Botschaften anzusprechen.<\/p>\n","protected":false},"featured_media":9851,"template":"","meta":{"_acf_changed":false,"rank_math_lock_modified_date":false},"product_cat":[366,442],"product_tag":[],"class_list":{"0":"post-15709","1":"product","2":"type-product","3":"status-publish","4":"has-post-thumbnail","6":"product_cat-kundenstopper","7":"product_cat-prospektstaender-aus-metall","9":"first","10":"instock","11":"shipping-taxable","12":"purchasable","13":"product-type-variable"},"acf":[],"_links":{"self":[{"href":"https:\/\/blacksmith-displays.com\/de\/wp-json\/wp\/v2\/product\/15709","targetHints":{"allow":["GET"]}}],"collection":[{"href":"https:\/\/blacksmith-displays.com\/de\/wp-json\/wp\/v2\/product"}],"about":[{"href":"https:\/\/blacksmith-displays.com\/de\/wp-json\/wp\/v2\/types\/product"}],"wp:featuredmedia":[{"embeddable":true,"href":"https:\/\/blacksmith-displays.com\/de\/wp-json\/wp\/v2\/media\/9851"}],"wp:attachment":[{"href":"https:\/\/blacksmith-displays.com\/de\/wp-json\/wp\/v2\/media?parent=15709"}],"wp:term":[{"taxonomy":"product_cat","embeddable":true,"href":"https:\/\/blacksmith-displays.com\/de\/wp-json\/wp\/v2\/product_cat?post=15709"},{"taxonomy":"product_tag","embeddable":true,"href":"https:\/\/blacksmith-displays.com\/de\/wp-json\/wp\/v2\/product_tag?post=15709"}],"curies":[{"name":"wp","href":"https:\/\/api.w.org\/{rel}","templated":true}]}}