{"id":15718,"date":"2024-09-27T14:12:11","date_gmt":"2024-09-27T12:12:11","guid":{"rendered":"https:\/\/blacksmith-displays.com\/kategoria\/unkategorisiert\/symbol\/"},"modified":"2025-09-27T13:39:38","modified_gmt":"2025-09-27T11:39:38","slug":"symbol","status":"publish","type":"product","link":"https:\/\/blacksmith-displays.com\/de\/produkt\/werbestaender\/prospektstaender-aus-metall\/symbol\/","title":{"rendered":"Symbol"},"content":{"rendered":"<p>Der Symbol Werbeaufsteller besteht aus einer robusten Stahlkonstruktion und einer schr\u00e4g angebrachten Tafel, die eine optimale Lesbarkeit der Werbebotschaft erm\u00f6glicht. Die austauschbare Grafik kann einfach und ohne Werkzeuge mit einer Schraube befestigt werden, was den Austausch schnell und unkompliziert macht.<\/p>\n","protected":false},"excerpt":{"rendered":"<p>Geeignet f\u00fcr folgende Veranstaltungen und Einsatzorte:<br \/>\n<br \/>\nEingangsbereiche und Rezeptionen: Perfekt, um Kunden und Besucher wichtige Informationen oder Werbung gut lesbar zu pr\u00e4sentieren.<br \/>\nVerkaufsfl\u00e4chen: Ideal, um Angebote oder Produktinformationen \u00fcbersichtlich darzustellen.<br \/>\nMessen und Ausstellungen: Eine stabile und praktische L\u00f6sung, um Informationen klar und auff\u00e4llig zu pr\u00e4sentieren.<br \/>\nGesch\u00e4ftsr\u00e4ume: Robuste Werbetafel f\u00fcr dauerhafte oder wechselnde Werbung, die leicht angepasst werden kann.<\/p>\n","protected":false},"featured_media":9857,"template":"","meta":{"_acf_changed":false,"rank_math_lock_modified_date":false},"product_cat":[366,442],"product_tag":[],"class_list":{"0":"post-15718","1":"product","2":"type-product","3":"status-publish","4":"has-post-thumbnail","6":"product_cat-kundenstopper","7":"product_cat-prospektstaender-aus-metall","9":"first","10":"instock","11":"shipping-taxable","12":"purchasable","13":"product-type-variable"},"acf":[],"_links":{"self":[{"href":"https:\/\/blacksmith-displays.com\/de\/wp-json\/wp\/v2\/product\/15718","targetHints":{"allow":["GET"]}}],"collection":[{"href":"https:\/\/blacksmith-displays.com\/de\/wp-json\/wp\/v2\/product"}],"about":[{"href":"https:\/\/blacksmith-displays.com\/de\/wp-json\/wp\/v2\/types\/product"}],"wp:featuredmedia":[{"embeddable":true,"href":"https:\/\/blacksmith-displays.com\/de\/wp-json\/wp\/v2\/media\/9857"}],"wp:attachment":[{"href":"https:\/\/blacksmith-displays.com\/de\/wp-json\/wp\/v2\/media?parent=15718"}],"wp:term":[{"taxonomy":"product_cat","embeddable":true,"href":"https:\/\/blacksmith-displays.com\/de\/wp-json\/wp\/v2\/product_cat?post=15718"},{"taxonomy":"product_tag","embeddable":true,"href":"https:\/\/blacksmith-displays.com\/de\/wp-json\/wp\/v2\/product_tag?post=15718"}],"curies":[{"name":"wp","href":"https:\/\/api.w.org\/{rel}","templated":true}]}}