{"id":15720,"date":"2024-09-27T14:12:11","date_gmt":"2024-09-27T12:12:11","guid":{"rendered":"https:\/\/blacksmith-displays.com\/kategoria\/unkategorisiert\/sentry\/"},"modified":"2025-09-27T13:39:38","modified_gmt":"2025-09-27T11:39:38","slug":"sentry","status":"publish","type":"product","link":"https:\/\/blacksmith-displays.com\/de\/produkt\/werbestaender\/prospektstaender-aus-metall\/sentry\/","title":{"rendered":"Sentry"},"content":{"rendered":"<p>Der Sentry Werbeaufsteller ist eine handliche und vielseitige L\u00f6sung, um Informationen zu vermitteln oder Richtungen anzuzeigen. Der klappbare Rahmen erm\u00f6glicht eine schnelle, werkzeuglose Montage und bietet die Flexibilit\u00e4t, Grafiken sowohl vertikal als auch horizontal zu platzieren. Er ist in den Formaten A3 und A4 erh\u00e4ltlich, um verschiedene Anforderungen zu erf\u00fcllen.<\/p>\n","protected":false},"excerpt":{"rendered":"<p>Geeignet f\u00fcr folgende Veranstaltungen und Einsatzorte:<br \/>\n<br \/>\nVeranstaltungen und Messen: Ideal, um Besucher mit klaren Hinweisen und Informationen zu leiten.<br \/>\nB\u00fcros und Empfangsbereiche: Perfekt, um wichtige Informationen f\u00fcr Kunden und Besucher sichtbar zu platzieren.<br \/>\nVerkaufsfl\u00e4chen: Flexibel einsetzbar f\u00fcr wechselnde Werbebotschaften oder Produktinformationen.<br \/>\nBildungs- und Konferenzzentren: Eine praktische L\u00f6sung, um Richtungsanweisungen oder Hinweise anzuzeigen.<\/p>\n","protected":false},"featured_media":9869,"template":"","meta":{"_acf_changed":false,"rank_math_lock_modified_date":false},"product_cat":[366,442],"product_tag":[],"class_list":{"0":"post-15720","1":"product","2":"type-product","3":"status-publish","4":"has-post-thumbnail","6":"product_cat-kundenstopper","7":"product_cat-prospektstaender-aus-metall","9":"first","10":"instock","11":"shipping-taxable","12":"purchasable","13":"product-type-variable"},"acf":[],"_links":{"self":[{"href":"https:\/\/blacksmith-displays.com\/de\/wp-json\/wp\/v2\/product\/15720","targetHints":{"allow":["GET"]}}],"collection":[{"href":"https:\/\/blacksmith-displays.com\/de\/wp-json\/wp\/v2\/product"}],"about":[{"href":"https:\/\/blacksmith-displays.com\/de\/wp-json\/wp\/v2\/types\/product"}],"wp:featuredmedia":[{"embeddable":true,"href":"https:\/\/blacksmith-displays.com\/de\/wp-json\/wp\/v2\/media\/9869"}],"wp:attachment":[{"href":"https:\/\/blacksmith-displays.com\/de\/wp-json\/wp\/v2\/media?parent=15720"}],"wp:term":[{"taxonomy":"product_cat","embeddable":true,"href":"https:\/\/blacksmith-displays.com\/de\/wp-json\/wp\/v2\/product_cat?post=15720"},{"taxonomy":"product_tag","embeddable":true,"href":"https:\/\/blacksmith-displays.com\/de\/wp-json\/wp\/v2\/product_tag?post=15720"}],"curies":[{"name":"wp","href":"https:\/\/api.w.org\/{rel}","templated":true}]}}