{"id":15728,"date":"2024-09-27T14:13:23","date_gmt":"2024-09-27T12:13:23","guid":{"rendered":"https:\/\/blacksmith-displays.com\/kategoria\/unkategorisiert\/wedge\/"},"modified":"2025-09-27T13:39:38","modified_gmt":"2025-09-27T11:39:38","slug":"wedge","status":"publish","type":"product","link":"https:\/\/blacksmith-displays.com\/de\/produkt\/werbestaender\/prospektstaender-aus-metall\/wedge\/","title":{"rendered":"Wedge"},"content":{"rendered":"<p>Die Wedge Halterung ist eine schwere, klemmende Basis, die in zwei Teilen geliefert wird und f\u00fcr die Befestigung verschiedener starrer Materialien ausgelegt ist. Sie eignet sich sowohl f\u00fcr den Innenbereich als auch f\u00fcr den kurzfristigen Einsatz im Au\u00dfenbereich. Die Halterung ist in vier Gr\u00f6\u00dfen erh\u00e4ltlich, mit Breiten von 300 bis 1000 mm, um unterschiedliche Anforderungen zu erf\u00fcllen.<\/p>\n","protected":false},"excerpt":{"rendered":"<p>Geeignet f\u00fcr folgende Veranstaltungen und Einsatzorte:<br \/>\n<br \/>\nMessen und Ausstellungen: Ideal zur stabilen Befestigung von starren Werbematerialien.<br \/>\nVerkaufsfl\u00e4chen: Perfekt f\u00fcr die Pr\u00e4sentation von Produkten und Informationen im Innenbereich.<br \/>\nEingangsbereiche: Kurzfristige Au\u00dfenwerbung, um auf Sonderaktionen oder Veranstaltungen hinzuweisen.<br \/>\nB\u00fcros und Gesch\u00e4ftsr\u00e4ume: Geeignet f\u00fcr die sichere Befestigung von Informations- oder Wegweisschildern.<\/p>\n","protected":false},"featured_media":9875,"template":"","meta":{"_acf_changed":false,"rank_math_lock_modified_date":false},"product_cat":[442],"product_tag":[],"class_list":{"0":"post-15728","1":"product","2":"type-product","3":"status-publish","4":"has-post-thumbnail","6":"product_cat-prospektstaender-aus-metall","8":"first","9":"instock","10":"shipping-taxable","11":"purchasable","12":"product-type-variable"},"acf":[],"_links":{"self":[{"href":"https:\/\/blacksmith-displays.com\/de\/wp-json\/wp\/v2\/product\/15728","targetHints":{"allow":["GET"]}}],"collection":[{"href":"https:\/\/blacksmith-displays.com\/de\/wp-json\/wp\/v2\/product"}],"about":[{"href":"https:\/\/blacksmith-displays.com\/de\/wp-json\/wp\/v2\/types\/product"}],"wp:featuredmedia":[{"embeddable":true,"href":"https:\/\/blacksmith-displays.com\/de\/wp-json\/wp\/v2\/media\/9875"}],"wp:attachment":[{"href":"https:\/\/blacksmith-displays.com\/de\/wp-json\/wp\/v2\/media?parent=15728"}],"wp:term":[{"taxonomy":"product_cat","embeddable":true,"href":"https:\/\/blacksmith-displays.com\/de\/wp-json\/wp\/v2\/product_cat?post=15728"},{"taxonomy":"product_tag","embeddable":true,"href":"https:\/\/blacksmith-displays.com\/de\/wp-json\/wp\/v2\/product_tag?post=15728"}],"curies":[{"name":"wp","href":"https:\/\/api.w.org\/{rel}","templated":true}]}}