{"id":15769,"date":"2024-09-27T14:16:59","date_gmt":"2024-09-27T12:16:59","guid":{"rendered":"https:\/\/blacksmith-displays.com\/kategoria\/unkategorisiert\/stowaway\/"},"modified":"2025-09-27T13:39:38","modified_gmt":"2025-09-27T11:39:38","slug":"stowaway","status":"publish","type":"product","link":"https:\/\/blacksmith-displays.com\/de\/produkt\/werbestaender\/prospektstaender-aus-nicht-metall\/stowaway\/","title":{"rendered":"Stowaway"},"content":{"rendered":"<p>Dank seiner schnellen Aufstellbarkeit in nur wenigen Sekunden erm\u00f6glicht das Stowaway Werbesystem eine blitzschnelle visuelle Kommunikation. Das System ist flexibel und leicht, was es ideal f\u00fcr den mobilen Einsatz macht. Im Lieferumfang sind Erdspie\u00dfe enthalten, die eine sichere Befestigung am Boden erm\u00f6glichen.<\/p>\n","protected":false},"excerpt":{"rendered":"<p>Geeignet f\u00fcr folgende Veranstaltungen und Einsatzorte:<br \/>\n<br \/>\nAu\u00dfenveranstaltungen: Perfekt f\u00fcr tempor\u00e4re Werbung oder Informationsst\u00e4nde bei Outdoor-Events.<br \/>\nMessen und Ausstellungen: Ideal f\u00fcr schnelle Aufbauten und flexible Werbel\u00f6sungen.<br \/>\nSportveranstaltungen: Einfach aufzustellen, um Sponsor- oder Veranstaltungsinformationen gut sichtbar zu platzieren.<br \/>\nPop-up Events: Leicht und mobil, somit ideal f\u00fcr spontane und tempor\u00e4re Eins\u00e4tze.<\/p>\n","protected":false},"featured_media":9881,"template":"","meta":{"_acf_changed":false,"rank_math_lock_modified_date":false},"product_cat":[446,346],"product_tag":[],"class_list":{"0":"post-15769","1":"product","2":"type-product","3":"status-publish","4":"has-post-thumbnail","6":"product_cat-prospektstaender-aus-nicht-metall","7":"product_cat-werbebanner","9":"first","10":"instock","11":"shipping-taxable","12":"purchasable","13":"product-type-variable"},"acf":[],"_links":{"self":[{"href":"https:\/\/blacksmith-displays.com\/de\/wp-json\/wp\/v2\/product\/15769","targetHints":{"allow":["GET"]}}],"collection":[{"href":"https:\/\/blacksmith-displays.com\/de\/wp-json\/wp\/v2\/product"}],"about":[{"href":"https:\/\/blacksmith-displays.com\/de\/wp-json\/wp\/v2\/types\/product"}],"wp:featuredmedia":[{"embeddable":true,"href":"https:\/\/blacksmith-displays.com\/de\/wp-json\/wp\/v2\/media\/9881"}],"wp:attachment":[{"href":"https:\/\/blacksmith-displays.com\/de\/wp-json\/wp\/v2\/media?parent=15769"}],"wp:term":[{"taxonomy":"product_cat","embeddable":true,"href":"https:\/\/blacksmith-displays.com\/de\/wp-json\/wp\/v2\/product_cat?post=15769"},{"taxonomy":"product_tag","embeddable":true,"href":"https:\/\/blacksmith-displays.com\/de\/wp-json\/wp\/v2\/product_tag?post=15769"}],"curies":[{"name":"wp","href":"https:\/\/api.w.org\/{rel}","templated":true}]}}