{"id":15779,"date":"2024-09-27T14:17:58","date_gmt":"2024-09-27T12:17:58","guid":{"rendered":"https:\/\/blacksmith-displays.com\/kategoria\/unkategorisiert\/stojak-bambusowy\/"},"modified":"2025-09-27T13:39:38","modified_gmt":"2025-09-27T11:39:38","slug":"bambusstaender","status":"publish","type":"product","link":"https:\/\/blacksmith-displays.com\/de\/produkt\/werbestaender\/prospektstaender-aus-nicht-metall\/bambusstaender\/","title":{"rendered":"Bambusst\u00e4nder"},"content":{"rendered":"<p>Dieser Bambus Prospektst\u00e4nder ist die ideale L\u00f6sung f\u00fcr alle, die ein elegantes, langlebiges und \u00f6kologisches Produkt zur Pr\u00e4sentation ihrer Informations- und Werbematerialien suchen. Er eignet sich perfekt f\u00fcr jeden Ort, an dem Sie Ihre Drucke professionell und \u00e4sthetisch pr\u00e4sentieren m\u00f6chten.<\/p>\n","protected":false},"excerpt":{"rendered":"<p>Geeignet f\u00fcr folgende Veranstaltungen und Einsatzorte:<br \/>\n<br \/>\nMessen und Ausstellungen: Perfekt, um Brosch\u00fcren und Prospekte auf stilvolle Weise anzubieten.<br \/>\nVerkaufsfl\u00e4chen und Showrooms: Ideal, um Produktinformationen sichtbar und ansprechend zu platzieren.<br \/>\nB\u00fcros und Empfangsbereiche: Eine umweltfreundliche L\u00f6sung, um Kunden und Besuchern Informationen \u00fcbersichtlich zu pr\u00e4sentieren.<br \/>\nVeranstaltungen und Konferenzen: Nachhaltige und elegante M\u00f6glichkeit, Werbematerialien zu pr\u00e4sentieren.<\/p>\n","protected":false},"featured_media":9887,"template":"","meta":{"_acf_changed":false,"rank_math_lock_modified_date":false},"product_cat":[446],"product_tag":[],"class_list":{"0":"post-15779","1":"product","2":"type-product","3":"status-publish","4":"has-post-thumbnail","6":"product_cat-prospektstaender-aus-nicht-metall","8":"first","9":"instock","10":"shipping-taxable","11":"purchasable","12":"product-type-variable"},"acf":[],"_links":{"self":[{"href":"https:\/\/blacksmith-displays.com\/de\/wp-json\/wp\/v2\/product\/15779","targetHints":{"allow":["GET"]}}],"collection":[{"href":"https:\/\/blacksmith-displays.com\/de\/wp-json\/wp\/v2\/product"}],"about":[{"href":"https:\/\/blacksmith-displays.com\/de\/wp-json\/wp\/v2\/types\/product"}],"wp:featuredmedia":[{"embeddable":true,"href":"https:\/\/blacksmith-displays.com\/de\/wp-json\/wp\/v2\/media\/9887"}],"wp:attachment":[{"href":"https:\/\/blacksmith-displays.com\/de\/wp-json\/wp\/v2\/media?parent=15779"}],"wp:term":[{"taxonomy":"product_cat","embeddable":true,"href":"https:\/\/blacksmith-displays.com\/de\/wp-json\/wp\/v2\/product_cat?post=15779"},{"taxonomy":"product_tag","embeddable":true,"href":"https:\/\/blacksmith-displays.com\/de\/wp-json\/wp\/v2\/product_tag?post=15779"}],"curies":[{"name":"wp","href":"https:\/\/api.w.org\/{rel}","templated":true}]}}