{"id":15781,"date":"2024-09-27T14:17:58","date_gmt":"2024-09-27T12:17:58","guid":{"rendered":"https:\/\/blacksmith-displays.com\/kategoria\/unkategorisiert\/stojak-informacyjny-a3\/"},"modified":"2024-11-15T16:49:20","modified_gmt":"2024-11-15T15:49:20","slug":"informationsstand-a3","status":"publish","type":"product","link":"https:\/\/blacksmith-displays.com\/de\/produkt\/werbestaender\/prospektstaender-aus-nicht-metall\/informationsstand-a3\/","title":{"rendered":"Bambus Informationsst\u00e4nder A3"},"content":{"rendered":"<p>Der Bambus Informationsst\u00e4nder A3 bietet eine stilvolle und umweltfreundliche M\u00f6glichkeit, gro\u00dfformatige Informationen, Plakate oder Hinweise im A3-Format zu pr\u00e4sentieren. Hergestellt aus nachhaltigem Bambus, kombiniert er nat\u00fcrliche Eleganz mit funktionalem Design und eignet sich hervorragend f\u00fcr verschiedenste \u00f6ffentliche und private R\u00e4ume.<\/p>\n","protected":false},"excerpt":{"rendered":"<p>Geeignet f\u00fcr folgende Veranstaltungen und Einsatzorte:<br \/>\n<br \/>\nMessen und Ausstellungen: Ideal, um gr\u00f6\u00dfere Informationsmaterialien oder Werbeplakate auf ansprechende Weise zu pr\u00e4sentieren.<br \/>\nB\u00fcros und Empfangsbereiche: Perfekt, um wichtige Informationen und Ank\u00fcndigungen f\u00fcr Besucher und Kunden sichtbar zu machen.<br \/>\nKonferenzen und Events: Eine umweltbewusste und \u00e4sthetische L\u00f6sung, um Programme oder Veranstaltungspl\u00e4ne darzustellen.<br \/>\nSchulungs- und Bildungszentren: Eignet sich hervorragend, um Lernmaterialien oder Hinweise auf nachhaltige Weise zu pr\u00e4sentieren.<\/p>\n","protected":false},"featured_media":9889,"template":"","meta":{"_acf_changed":false,"rank_math_lock_modified_date":false},"product_cat":[366,446],"product_tag":[],"class_list":{"0":"post-15781","1":"product","2":"type-product","3":"status-publish","4":"has-post-thumbnail","6":"product_cat-kundenstopper","7":"product_cat-prospektstaender-aus-nicht-metall","9":"first","10":"instock","11":"shipping-taxable","12":"purchasable","13":"product-type-simple"},"acf":[],"_links":{"self":[{"href":"https:\/\/blacksmith-displays.com\/de\/wp-json\/wp\/v2\/product\/15781","targetHints":{"allow":["GET"]}}],"collection":[{"href":"https:\/\/blacksmith-displays.com\/de\/wp-json\/wp\/v2\/product"}],"about":[{"href":"https:\/\/blacksmith-displays.com\/de\/wp-json\/wp\/v2\/types\/product"}],"wp:featuredmedia":[{"embeddable":true,"href":"https:\/\/blacksmith-displays.com\/de\/wp-json\/wp\/v2\/media\/9889"}],"wp:attachment":[{"href":"https:\/\/blacksmith-displays.com\/de\/wp-json\/wp\/v2\/media?parent=15781"}],"wp:term":[{"taxonomy":"product_cat","embeddable":true,"href":"https:\/\/blacksmith-displays.com\/de\/wp-json\/wp\/v2\/product_cat?post=15781"},{"taxonomy":"product_tag","embeddable":true,"href":"https:\/\/blacksmith-displays.com\/de\/wp-json\/wp\/v2\/product_tag?post=15781"}],"curies":[{"name":"wp","href":"https:\/\/api.w.org\/{rel}","templated":true}]}}