{"id":15783,"date":"2024-09-27T14:17:59","date_gmt":"2024-09-27T12:17:59","guid":{"rendered":"https:\/\/blacksmith-displays.com\/kategoria\/unkategorisiert\/stojak-informacyjny-a4\/"},"modified":"2024-11-15T16:49:20","modified_gmt":"2024-11-15T15:49:20","slug":"informationsstand-a4","status":"publish","type":"product","link":"https:\/\/blacksmith-displays.com\/de\/produkt\/werbestaender\/prospektstaender-aus-nicht-metall\/informationsstand-a4\/","title":{"rendered":"Bambus Informationsst\u00e4nder A4"},"content":{"rendered":"<p>Der Bambus Informationsst\u00e4nder A4 ist eine elegante und umweltfreundliche L\u00f6sung zur Pr\u00e4sentation von Informationsmaterialien, Flyern oder Hinweisen im A4-Format. Hergestellt aus nachhaltigem Bambus, kombiniert dieser St\u00e4nder nat\u00fcrliche \u00c4sthetik mit Funktionalit\u00e4t und passt perfekt in \u00f6ffentliche, gewerbliche oder private R\u00e4ume.<\/p>\n","protected":false},"excerpt":{"rendered":"<p>Geeignet f\u00fcr folgende Veranstaltungen und Einsatzorte:<br \/>\n<br \/>\nB\u00fcros und Empfangsbereiche: Ideal, um Informationen f\u00fcr Kunden und Besucher \u00fcbersichtlich und stilvoll bereitzustellen.<br \/>\nVeranstaltungen und Konferenzen: Perfekt, um Flyer oder Programme auf nachhaltige und \u00e4sthetische Weise zu pr\u00e4sentieren.<br \/>\nMessen und Ausstellungen: Eine umweltbewusste L\u00f6sung, um Werbematerialien ansprechend zu pr\u00e4sentieren.<br \/>\nBildungs- und Schulungszentren: Eine praktische M\u00f6glichkeit, wichtige Informationen und Ank\u00fcndigungen sichtbar zu machen.<\/p>\n","protected":false},"featured_media":9891,"template":"","meta":{"_acf_changed":false,"rank_math_lock_modified_date":false},"product_cat":[366,446],"product_tag":[],"class_list":{"0":"post-15783","1":"product","2":"type-product","3":"status-publish","4":"has-post-thumbnail","6":"product_cat-kundenstopper","7":"product_cat-prospektstaender-aus-nicht-metall","9":"first","10":"instock","11":"shipping-taxable","12":"purchasable","13":"product-type-simple"},"acf":[],"_links":{"self":[{"href":"https:\/\/blacksmith-displays.com\/de\/wp-json\/wp\/v2\/product\/15783","targetHints":{"allow":["GET"]}}],"collection":[{"href":"https:\/\/blacksmith-displays.com\/de\/wp-json\/wp\/v2\/product"}],"about":[{"href":"https:\/\/blacksmith-displays.com\/de\/wp-json\/wp\/v2\/types\/product"}],"wp:featuredmedia":[{"embeddable":true,"href":"https:\/\/blacksmith-displays.com\/de\/wp-json\/wp\/v2\/media\/9891"}],"wp:attachment":[{"href":"https:\/\/blacksmith-displays.com\/de\/wp-json\/wp\/v2\/media?parent=15783"}],"wp:term":[{"taxonomy":"product_cat","embeddable":true,"href":"https:\/\/blacksmith-displays.com\/de\/wp-json\/wp\/v2\/product_cat?post=15783"},{"taxonomy":"product_tag","embeddable":true,"href":"https:\/\/blacksmith-displays.com\/de\/wp-json\/wp\/v2\/product_tag?post=15783"}],"curies":[{"name":"wp","href":"https:\/\/api.w.org\/{rel}","templated":true}]}}