{"id":15787,"date":"2024-09-27T14:17:59","date_gmt":"2024-09-27T12:17:59","guid":{"rendered":"https:\/\/blacksmith-displays.com\/kategoria\/unkategorisiert\/counta\/"},"modified":"2025-09-27T13:39:38","modified_gmt":"2025-09-27T11:39:38","slug":"counta","status":"publish","type":"product","link":"https:\/\/blacksmith-displays.com\/de\/produkt\/theken\/verkostungstheken\/counta\/","title":{"rendered":"Counta"},"content":{"rendered":"<p>Die Counta ist eine leichte, tragbare Demonstrationseinheit aus PVC, die speziell f\u00fcr den Einsatz in Innenr\u00e4umen entwickelt wurde. Sie verf\u00fcgt \u00fcber eine Frontplatte und St\u00fctzpfosten, die die Regalb\u00f6den tragen. Bedruckte Grafiken k\u00f6nnen direkt auf die Folie aufgebracht werden, was eine individuelle Gestaltung erm\u00f6glicht. Die Theke ist in Wei\u00df erh\u00e4ltlich und eignet sich ideal f\u00fcr den Einzelhandel sowie f\u00fcr tempor\u00e4re Veranstaltungen und Promotionen.<\/p>\n","protected":false},"excerpt":{"rendered":"<p>Geeignet f\u00fcr folgende Veranstaltungen und Einsatzorte:<br \/>\n<br \/>\nEinzelhandel: Perfekt, um Produkte und Werbematerialien auf Verkaufsfl\u00e4chen zu pr\u00e4sentieren.<br \/>\nMessen und Promotionen: Ideal f\u00fcr kurzzeitige Aktionen oder Pr\u00e4sentationen bei tempor\u00e4ren Veranstaltungen.<br \/>\nPop-up Stores: Eine flexible und leicht zu transportierende L\u00f6sung f\u00fcr einmalige Verkaufsaktionen.<br \/>\nVeranstaltungen und Roadshows: Schnell aufstellbar und anpassbar f\u00fcr eine effektive Markenpr\u00e4sentation.<\/p>\n","protected":false},"featured_media":9895,"template":"","meta":{"_acf_changed":false,"rank_math_lock_modified_date":false},"product_cat":[454],"product_tag":[],"class_list":{"0":"post-15787","1":"product","2":"type-product","3":"status-publish","4":"has-post-thumbnail","6":"product_cat-verkostungstheken","8":"first","9":"instock","10":"shipping-taxable","11":"purchasable","12":"product-type-variable"},"acf":[],"_links":{"self":[{"href":"https:\/\/blacksmith-displays.com\/de\/wp-json\/wp\/v2\/product\/15787","targetHints":{"allow":["GET"]}}],"collection":[{"href":"https:\/\/blacksmith-displays.com\/de\/wp-json\/wp\/v2\/product"}],"about":[{"href":"https:\/\/blacksmith-displays.com\/de\/wp-json\/wp\/v2\/types\/product"}],"wp:featuredmedia":[{"embeddable":true,"href":"https:\/\/blacksmith-displays.com\/de\/wp-json\/wp\/v2\/media\/9895"}],"wp:attachment":[{"href":"https:\/\/blacksmith-displays.com\/de\/wp-json\/wp\/v2\/media?parent=15787"}],"wp:term":[{"taxonomy":"product_cat","embeddable":true,"href":"https:\/\/blacksmith-displays.com\/de\/wp-json\/wp\/v2\/product_cat?post=15787"},{"taxonomy":"product_tag","embeddable":true,"href":"https:\/\/blacksmith-displays.com\/de\/wp-json\/wp\/v2\/product_tag?post=15787"}],"curies":[{"name":"wp","href":"https:\/\/api.w.org\/{rel}","templated":true}]}}