{"id":15809,"date":"2024-09-27T14:20:19","date_gmt":"2024-09-27T12:20:19","guid":{"rendered":"https:\/\/blacksmith-displays.com\/kategoria\/unkategorisiert\/hop-up-counter\/"},"modified":"2025-09-27T13:39:38","modified_gmt":"2025-09-27T11:39:38","slug":"hop-up-counter","status":"publish","type":"product","link":"https:\/\/blacksmith-displays.com\/de\/produkt\/theken\/textiltheken\/hop-up-counter\/","title":{"rendered":"Hop-up Counter"},"content":{"rendered":"<p>Die Hop-up Impact-Systeme sind einfache und leichte Konstruktionen, die sich innerhalb weniger Minuten aufbauen lassen. Sie sind f\u00fcr den Einsatz mit Textilgrafiken konzipiert, die mithilfe von Klettverschl\u00fcssen montiert werden k\u00f6nnen. Diese Struktur bietet eine schnelle und effiziente L\u00f6sung f\u00fcr Werbe- oder Pr\u00e4sentationszwecke bei Veranstaltungen.<\/p>\n","protected":false},"excerpt":{"rendered":"<p>Geeignet f\u00fcr folgende Veranstaltungen und Einsatzorte:<br \/>\n<br \/>\nMessen und Ausstellungen: Ideal f\u00fcr schnelle und unkomplizierte Pr\u00e4sentationen.<br \/>\nPop-up Stores: Perfekte L\u00f6sung f\u00fcr tempor\u00e4re Verkaufsfl\u00e4chen oder mobile Werbung.<br \/>\nPromotionen und Roadshows: Schnell auf- und abbaubar, ideal f\u00fcr flexible Werbekampagnen.<br \/>\nKonferenzen und Seminare: Bietet eine professionelle und auff\u00e4llige Pr\u00e4sentation von Informationen oder Marken.<\/p>\n","protected":false},"featured_media":9911,"template":"","meta":{"_acf_changed":false,"rank_math_lock_modified_date":false},"product_cat":[466],"product_tag":[],"class_list":{"0":"post-15809","1":"product","2":"type-product","3":"status-publish","4":"has-post-thumbnail","6":"product_cat-textiltheken","8":"first","9":"instock","10":"shipping-taxable","11":"purchasable","12":"product-type-variable"},"acf":[],"_links":{"self":[{"href":"https:\/\/blacksmith-displays.com\/de\/wp-json\/wp\/v2\/product\/15809","targetHints":{"allow":["GET"]}}],"collection":[{"href":"https:\/\/blacksmith-displays.com\/de\/wp-json\/wp\/v2\/product"}],"about":[{"href":"https:\/\/blacksmith-displays.com\/de\/wp-json\/wp\/v2\/types\/product"}],"wp:featuredmedia":[{"embeddable":true,"href":"https:\/\/blacksmith-displays.com\/de\/wp-json\/wp\/v2\/media\/9911"}],"wp:attachment":[{"href":"https:\/\/blacksmith-displays.com\/de\/wp-json\/wp\/v2\/media?parent=15809"}],"wp:term":[{"taxonomy":"product_cat","embeddable":true,"href":"https:\/\/blacksmith-displays.com\/de\/wp-json\/wp\/v2\/product_cat?post=15809"},{"taxonomy":"product_tag","embeddable":true,"href":"https:\/\/blacksmith-displays.com\/de\/wp-json\/wp\/v2\/product_tag?post=15809"}],"curies":[{"name":"wp","href":"https:\/\/api.w.org\/{rel}","templated":true}]}}