{"id":15865,"date":"2024-09-27T14:26:35","date_gmt":"2024-09-27T12:26:35","guid":{"rendered":"https:\/\/blacksmith-displays.com\/kategoria\/unkategorisiert\/mantis\/"},"modified":"2024-11-15T17:13:28","modified_gmt":"2024-11-15T16:13:28","slug":"mantis","status":"publish","type":"product","link":"https:\/\/blacksmith-displays.com\/de\/produkt\/rollups-de\/einseitige-rollups\/mantis\/","title":{"rendered":"Mantis"},"content":{"rendered":"<p>Der Mantis Roll-up ist die perfekte Wahl f\u00fcr alle, die ein elegantes und robustes System suchen, aber ein begrenztes Budget haben. Dank des zus\u00e4tzlichen Gewichts in der Kassette ist dieser Roll-up besonders stabil und ideal f\u00fcr stark frequentierte Bereiche geeignet. Obwohl er zur wirtschaftlichen Roll-up-Klasse geh\u00f6rt, wird er nach unseren hohen Qualit\u00e4tsstandards gefertigt und bietet eine Herstellergarantie, die eine langfristige Nutzung sichert.<\/p>\n","protected":false},"excerpt":{"rendered":"<p>Geeignet f\u00fcr folgende Veranstaltungen und Einsatzorte:<br \/>\n<br \/>\nMessen und Ausstellungen: Perfekt f\u00fcr die Pr\u00e4sentation in belebten Umgebungen, wo Stabilit\u00e4t gefragt ist.<br \/>\nEinzelhandel: Ideal f\u00fcr den Einsatz in Gesch\u00e4ften oder Verkaufsr\u00e4umen, um Angebote effektiv zu bewerben.<br \/>\nKonferenzen: Eine zuverl\u00e4ssige L\u00f6sung f\u00fcr Informationspr\u00e4sentationen bei verschiedenen Veranstaltungen.<br \/>\n\u00d6ffentliche Events: Robust und stabil, ideal f\u00fcr Events mit hohem Besucheraufkommen.<\/p>\n","protected":false},"featured_media":9485,"template":"","meta":{"_acf_changed":false,"rank_math_lock_modified_date":false},"product_cat":[386],"product_tag":[],"class_list":{"0":"post-15865","1":"product","2":"type-product","3":"status-publish","4":"has-post-thumbnail","6":"product_cat-einseitige-rollups","8":"first","9":"instock","10":"shipping-taxable","11":"purchasable","12":"product-type-variable"},"acf":[],"_links":{"self":[{"href":"https:\/\/blacksmith-displays.com\/de\/wp-json\/wp\/v2\/product\/15865","targetHints":{"allow":["GET"]}}],"collection":[{"href":"https:\/\/blacksmith-displays.com\/de\/wp-json\/wp\/v2\/product"}],"about":[{"href":"https:\/\/blacksmith-displays.com\/de\/wp-json\/wp\/v2\/types\/product"}],"wp:featuredmedia":[{"embeddable":true,"href":"https:\/\/blacksmith-displays.com\/de\/wp-json\/wp\/v2\/media\/9485"}],"wp:attachment":[{"href":"https:\/\/blacksmith-displays.com\/de\/wp-json\/wp\/v2\/media?parent=15865"}],"wp:term":[{"taxonomy":"product_cat","embeddable":true,"href":"https:\/\/blacksmith-displays.com\/de\/wp-json\/wp\/v2\/product_cat?post=15865"},{"taxonomy":"product_tag","embeddable":true,"href":"https:\/\/blacksmith-displays.com\/de\/wp-json\/wp\/v2\/product_tag?post=15865"}],"curies":[{"name":"wp","href":"https:\/\/api.w.org\/{rel}","templated":true}]}}