{"id":15976,"date":"2024-09-27T14:36:26","date_gmt":"2024-09-27T12:36:26","guid":{"rendered":"https:\/\/blacksmith-displays.com\/kategoria\/unkategorisiert\/orient\/"},"modified":"2024-11-15T17:16:51","modified_gmt":"2024-11-15T16:16:51","slug":"orient","status":"publish","type":"product","link":"https:\/\/blacksmith-displays.com\/de\/produkt\/rollups-de\/einseitige-rollups\/orient\/","title":{"rendered":"Orient +"},"content":{"rendered":"<p>Der Orient+ Roll-up ist ein f\u00fchrender Bestseller unter den Roll-ups, der sich durch seine solide und breite Basis auszeichnet, die f\u00fcr ausgezeichnete Stabilit\u00e4t sorgt. Die Grafik wird von der Vorderseite der Kassette herausgezogen, was f\u00fcr maximale Sichtbarkeit der Werbebotschaft sorgt. Dieser Roll-up wird durch die Herstellergarantie abgesichert, sodass Sie sich auf eine zuverl\u00e4ssige Leistung bei jeder Nutzung verlassen k\u00f6nnen.<\/p>\n","protected":false},"excerpt":{"rendered":"<p>Geeignet f\u00fcr folgende Veranstaltungen und Einsatzorte:<br \/>\n<br \/>\nMessen und Ausstellungen: Ideal f\u00fcr eine stabile und auff\u00e4llige Pr\u00e4sentation in stark frequentierten Bereichen.<br \/>\nPromotionen und Events: Perfekt, um Ihre Marke bei Events und Werbeaktionen gut sichtbar zu platzieren.<br \/>\nEinzelhandel: Eine zuverl\u00e4ssige L\u00f6sung, um Werbebotschaften dauerhaft und professionell zu pr\u00e4sentieren.<br \/>\nKonferenzen und Seminare: Eine stabile Wahl, um Informationen und Angebote w\u00e4hrend Veranstaltungen zu pr\u00e4sentieren.<\/p>\n","protected":false},"featured_media":9517,"template":"","meta":{"_acf_changed":false,"rank_math_lock_modified_date":false},"product_cat":[386],"product_tag":[],"class_list":{"0":"post-15976","1":"product","2":"type-product","3":"status-publish","4":"has-post-thumbnail","6":"product_cat-einseitige-rollups","8":"first","9":"instock","10":"shipping-taxable","11":"purchasable","12":"product-type-variable"},"acf":[],"_links":{"self":[{"href":"https:\/\/blacksmith-displays.com\/de\/wp-json\/wp\/v2\/product\/15976","targetHints":{"allow":["GET"]}}],"collection":[{"href":"https:\/\/blacksmith-displays.com\/de\/wp-json\/wp\/v2\/product"}],"about":[{"href":"https:\/\/blacksmith-displays.com\/de\/wp-json\/wp\/v2\/types\/product"}],"wp:featuredmedia":[{"embeddable":true,"href":"https:\/\/blacksmith-displays.com\/de\/wp-json\/wp\/v2\/media\/9517"}],"wp:attachment":[{"href":"https:\/\/blacksmith-displays.com\/de\/wp-json\/wp\/v2\/media?parent=15976"}],"wp:term":[{"taxonomy":"product_cat","embeddable":true,"href":"https:\/\/blacksmith-displays.com\/de\/wp-json\/wp\/v2\/product_cat?post=15976"},{"taxonomy":"product_tag","embeddable":true,"href":"https:\/\/blacksmith-displays.com\/de\/wp-json\/wp\/v2\/product_tag?post=15976"}],"curies":[{"name":"wp","href":"https:\/\/api.w.org\/{rel}","templated":true}]}}