{"id":16022,"date":"2024-09-27T14:40:12","date_gmt":"2024-09-27T12:40:12","guid":{"rendered":"https:\/\/blacksmith-displays.com\/kategoria\/unkategorisiert\/delta-lite\/"},"modified":"2024-11-15T17:18:39","modified_gmt":"2024-11-15T16:18:39","slug":"delta-lite","status":"publish","type":"product","link":"https:\/\/blacksmith-displays.com\/de\/produkt\/rollups-de\/einseitige-rollups\/delta-lite\/","title":{"rendered":"Delta Lite"},"content":{"rendered":"<p>Das Delta Lite Roll-Up hat dank seines breiten Aluminiumfu\u00dfes eine hohe Stabilit\u00e4t. Die verchromte Oberfl\u00e4che verleiht ihm einen einzigartigen Charakter. Mit seinen verstellbaren Nivellierf\u00fc\u00dfen und der Teleskopstange bietet das Delta Lite ein ausgezeichnetes Preis-Leistungs-Verh\u00e4ltnis.<\/p>\n","protected":false},"excerpt":{"rendered":"<p>Geeignet f\u00fcr folgende Veranstaltungen und Einsatzorte:<br \/>\n<br \/>\nMessen und Ausstellungen: Ideal f\u00fcr eine stilvolle und stabile Pr\u00e4sentation Ihrer Marke.<br \/>\nVerkaufsfl\u00e4chen: Perfekt, um Produkte und Angebote professionell und auff\u00e4llig zu bewerben.<br \/>\nFirmen-Events: Eine flexible L\u00f6sung, die sich an verschiedene Pr\u00e4sentationsanforderungen anpasst.<br \/>\nKonferenzen und Seminare: Eine elegante Wahl, um Informationen klar und zuverl\u00e4ssig zu pr\u00e4sentieren.<\/p>\n","protected":false},"featured_media":9529,"template":"","meta":{"_acf_changed":false,"rank_math_lock_modified_date":false},"product_cat":[386],"product_tag":[],"class_list":{"0":"post-16022","1":"product","2":"type-product","3":"status-publish","4":"has-post-thumbnail","6":"product_cat-einseitige-rollups","8":"first","9":"instock","10":"shipping-taxable","11":"purchasable","12":"product-type-variable"},"acf":[],"_links":{"self":[{"href":"https:\/\/blacksmith-displays.com\/de\/wp-json\/wp\/v2\/product\/16022","targetHints":{"allow":["GET"]}}],"collection":[{"href":"https:\/\/blacksmith-displays.com\/de\/wp-json\/wp\/v2\/product"}],"about":[{"href":"https:\/\/blacksmith-displays.com\/de\/wp-json\/wp\/v2\/types\/product"}],"wp:featuredmedia":[{"embeddable":true,"href":"https:\/\/blacksmith-displays.com\/de\/wp-json\/wp\/v2\/media\/9529"}],"wp:attachment":[{"href":"https:\/\/blacksmith-displays.com\/de\/wp-json\/wp\/v2\/media?parent=16022"}],"wp:term":[{"taxonomy":"product_cat","embeddable":true,"href":"https:\/\/blacksmith-displays.com\/de\/wp-json\/wp\/v2\/product_cat?post=16022"},{"taxonomy":"product_tag","embeddable":true,"href":"https:\/\/blacksmith-displays.com\/de\/wp-json\/wp\/v2\/product_tag?post=16022"}],"curies":[{"name":"wp","href":"https:\/\/api.w.org\/{rel}","templated":true}]}}