{"id":16036,"date":"2024-09-27T14:42:51","date_gmt":"2024-09-27T12:42:51","guid":{"rendered":"https:\/\/blacksmith-displays.com\/kategoria\/unkategorisiert\/merlin\/"},"modified":"2024-11-15T17:19:54","modified_gmt":"2024-11-15T16:19:54","slug":"merlin","status":"publish","type":"product","link":"https:\/\/blacksmith-displays.com\/de\/produkt\/rollups-de\/einseitige-rollups\/merlin\/","title":{"rendered":"Merlin"},"content":{"rendered":"<p>Der Merlin Roll-up ist ein eleganter Premium-Roll-up, der sich durch seine austauschbare Grafik-Kassette auszeichnet. Dieses System erm\u00f6glicht eine einfache und schnelle \u00c4nderung der Werbebotschaft, sodass der Roll-up mehrfach und \u00fcber einen l\u00e4ngeren Zeitraum hinweg genutzt werden kann. Besonders f\u00fcr saisonale Werbekampagnen oder h\u00e4ufig wechselnde Inhalte ist der Merlin die ideale L\u00f6sung.<\/p>\n","protected":false},"excerpt":{"rendered":"<p>Geeignet f\u00fcr folgende Veranstaltungen und Einsatzorte:<br \/>\n<br \/>\nMessen und Ausstellungen: Perfekt f\u00fcr wiederkehrende Veranstaltungen, bei denen die Werbebotschaft regelm\u00e4\u00dfig angepasst werden muss.<br \/>\nEinzelhandel und Promotions: Ideal f\u00fcr saisonale Angebote oder wechselnde Produktinformationen.<br \/>\nFirmen-Events: Eine elegante L\u00f6sung, um immer aktuelle Inhalte zu pr\u00e4sentieren.<br \/>\nKonferenzen und Seminare: Flexibel einsetzbar f\u00fcr wechselnde Pr\u00e4sentationen und Werbebotschaften.<\/p>\n","protected":false},"featured_media":9551,"template":"","meta":{"_acf_changed":false,"rank_math_lock_modified_date":false},"product_cat":[386],"product_tag":[],"class_list":{"0":"post-16036","1":"product","2":"type-product","3":"status-publish","4":"has-post-thumbnail","6":"product_cat-einseitige-rollups","8":"first","9":"instock","10":"shipping-taxable","11":"purchasable","12":"product-type-variable"},"acf":[],"_links":{"self":[{"href":"https:\/\/blacksmith-displays.com\/de\/wp-json\/wp\/v2\/product\/16036","targetHints":{"allow":["GET"]}}],"collection":[{"href":"https:\/\/blacksmith-displays.com\/de\/wp-json\/wp\/v2\/product"}],"about":[{"href":"https:\/\/blacksmith-displays.com\/de\/wp-json\/wp\/v2\/types\/product"}],"wp:featuredmedia":[{"embeddable":true,"href":"https:\/\/blacksmith-displays.com\/de\/wp-json\/wp\/v2\/media\/9551"}],"wp:attachment":[{"href":"https:\/\/blacksmith-displays.com\/de\/wp-json\/wp\/v2\/media?parent=16036"}],"wp:term":[{"taxonomy":"product_cat","embeddable":true,"href":"https:\/\/blacksmith-displays.com\/de\/wp-json\/wp\/v2\/product_cat?post=16036"},{"taxonomy":"product_tag","embeddable":true,"href":"https:\/\/blacksmith-displays.com\/de\/wp-json\/wp\/v2\/product_tag?post=16036"}],"curies":[{"name":"wp","href":"https:\/\/api.w.org\/{rel}","templated":true}]}}