{"id":16044,"date":"2024-09-27T14:43:55","date_gmt":"2024-09-27T12:43:55","guid":{"rendered":"https:\/\/blacksmith-displays.com\/kategoria\/unkategorisiert\/wymienna-kaseta-do-roll-upa-merlin\/"},"modified":"2025-09-27T13:39:50","modified_gmt":"2025-09-27T11:39:50","slug":"auswechselbare-kassette-fuer-merlin-roll-up","status":"publish","type":"product","link":"https:\/\/blacksmith-displays.com\/de\/produkt\/rollups-de\/einseitige-rollups\/auswechselbare-kassette-fuer-merlin-roll-up\/","title":{"rendered":"Wechselkassette f\u00fcr Merlin Roll Up"},"content":{"rendered":"<p>Die Wechsel-Kassette mit einer Breite von 850 mm erm\u00f6glicht einen schnellen und einfachen Grafikwechsel f\u00fcr unseren Merlin Roll Up, ohne den Einsatz von Werkzeugen. Sie ist speziell f\u00fcr den flexiblen Einsatz konzipiert, wodurch der Austausch von Werbebotschaften im Handumdrehen erledigt werden kann.<\/p>\n","protected":false},"excerpt":{"rendered":"<p>Auswechselbare Kassette mit einer Breite von 850 mm.<\/p>\n","protected":false},"featured_media":9559,"template":"","meta":{"_acf_changed":false,"rank_math_lock_modified_date":false},"product_cat":[386],"product_tag":[],"class_list":{"0":"post-16044","1":"product","2":"type-product","3":"status-publish","4":"has-post-thumbnail","6":"product_cat-einseitige-rollups","8":"first","9":"instock","10":"shipping-taxable","11":"purchasable","12":"product-type-variable"},"acf":[],"_links":{"self":[{"href":"https:\/\/blacksmith-displays.com\/de\/wp-json\/wp\/v2\/product\/16044","targetHints":{"allow":["GET"]}}],"collection":[{"href":"https:\/\/blacksmith-displays.com\/de\/wp-json\/wp\/v2\/product"}],"about":[{"href":"https:\/\/blacksmith-displays.com\/de\/wp-json\/wp\/v2\/types\/product"}],"wp:featuredmedia":[{"embeddable":true,"href":"https:\/\/blacksmith-displays.com\/de\/wp-json\/wp\/v2\/media\/9559"}],"wp:attachment":[{"href":"https:\/\/blacksmith-displays.com\/de\/wp-json\/wp\/v2\/media?parent=16044"}],"wp:term":[{"taxonomy":"product_cat","embeddable":true,"href":"https:\/\/blacksmith-displays.com\/de\/wp-json\/wp\/v2\/product_cat?post=16044"},{"taxonomy":"product_tag","embeddable":true,"href":"https:\/\/blacksmith-displays.com\/de\/wp-json\/wp\/v2\/product_tag?post=16044"}],"curies":[{"name":"wp","href":"https:\/\/api.w.org\/{rel}","templated":true}]}}