{"id":16046,"date":"2024-09-27T14:43:55","date_gmt":"2024-09-27T12:43:55","guid":{"rendered":"https:\/\/blacksmith-displays.com\/kategoria\/unkategorisiert\/barracuda\/"},"modified":"2024-11-15T17:22:13","modified_gmt":"2024-11-15T16:22:13","slug":"barracuda","status":"publish","type":"product","link":"https:\/\/blacksmith-displays.com\/de\/produkt\/rollups-de\/einseitige-rollups\/barracuda\/","title":{"rendered":"Barracuda"},"content":{"rendered":"<p>Der Barracuda Roll-up ist ein Bestseller unter unseren Premium-Roll-ups und bietet zuverl\u00e4ssige visuelle Kommunikation f\u00fcr viele Jahre. Dank der lebenslangen Herstellergarantie ist dieses System besonders langlebig. Die stilvolle Basis aus eloxiertem Aluminium verf\u00fcgt \u00fcber einen eleganten Pinstripe-Detail auf der Vorderseite. Der Barracuda zeichnet sich durch einen h\u00f6henverstellbaren Mast, eine sch\u00fctzende Kassette f\u00fcr den Druck und zus\u00e4tzliche Funktionen zur Grafiksicherung und -spannung aus.<\/p>\n","protected":false},"excerpt":{"rendered":"<p>Geeignet f\u00fcr folgende Veranstaltungen und Einsatzorte:<br \/>\n<br \/>\nMessen und Ausstellungen: Ideal f\u00fcr langfristige und professionelle Pr\u00e4sentationen mit regelm\u00e4\u00dfigem Einsatz.<br \/>\nEinzelhandel und Verkaufsfl\u00e4chen: Perfekt f\u00fcr hochwertige Werbebotschaften und elegante Pr\u00e4sentationen.<br \/>\nKonferenzen und Seminare: Eine zuverl\u00e4ssige L\u00f6sung mit langlebigen Materialien f\u00fcr wiederkehrende Veranstaltungen.<br \/>\nEvents und Promotionen: Hochwertiges Roll-up-System, das Stabilit\u00e4t und Flexibilit\u00e4t f\u00fcr verschiedene Werbekampagnen bietet.<\/p>\n","protected":false},"featured_media":9563,"template":"","meta":{"_acf_changed":false,"rank_math_lock_modified_date":false},"product_cat":[386],"product_tag":[],"class_list":{"0":"post-16046","1":"product","2":"type-product","3":"status-publish","4":"has-post-thumbnail","6":"product_cat-einseitige-rollups","8":"first","9":"instock","10":"shipping-taxable","11":"purchasable","12":"product-type-variable"},"acf":[],"_links":{"self":[{"href":"https:\/\/blacksmith-displays.com\/de\/wp-json\/wp\/v2\/product\/16046","targetHints":{"allow":["GET"]}}],"collection":[{"href":"https:\/\/blacksmith-displays.com\/de\/wp-json\/wp\/v2\/product"}],"about":[{"href":"https:\/\/blacksmith-displays.com\/de\/wp-json\/wp\/v2\/types\/product"}],"wp:featuredmedia":[{"embeddable":true,"href":"https:\/\/blacksmith-displays.com\/de\/wp-json\/wp\/v2\/media\/9563"}],"wp:attachment":[{"href":"https:\/\/blacksmith-displays.com\/de\/wp-json\/wp\/v2\/media?parent=16046"}],"wp:term":[{"taxonomy":"product_cat","embeddable":true,"href":"https:\/\/blacksmith-displays.com\/de\/wp-json\/wp\/v2\/product_cat?post=16046"},{"taxonomy":"product_tag","embeddable":true,"href":"https:\/\/blacksmith-displays.com\/de\/wp-json\/wp\/v2\/product_tag?post=16046"}],"curies":[{"name":"wp","href":"https:\/\/api.w.org\/{rel}","templated":true}]}}