{"id":16143,"date":"2024-09-27T14:50:22","date_gmt":"2024-09-27T12:50:22","guid":{"rendered":"https:\/\/blacksmith-displays.com\/kategoria\/unkategorisiert\/beijing-lite\/"},"modified":"2024-11-15T17:22:37","modified_gmt":"2024-11-15T16:22:37","slug":"beijing-lite","status":"publish","type":"product","link":"https:\/\/blacksmith-displays.com\/de\/produkt\/rollups-de\/einseitige-rollups\/beijing-lite\/","title":{"rendered":"Beijing Lite"},"content":{"rendered":"<p>Der X-Banner Economy ist eine preisg\u00fcnstige und vielseitige L\u00f6sung f\u00fcr Ihre Werbebed\u00fcrfnisse. Dank seiner leichten Konstruktion und des einfachen Aufbaus ist er ideal f\u00fcr tempor\u00e4re oder h\u00e4ufig wechselnde Pr\u00e4sentationen. Die Grafik wird \u00fcber ein unkompliziertes \u00d6sensystem befestigt, was den Austausch schnell und einfach macht.<\/p>\n","protected":false},"excerpt":{"rendered":"<p>Geeignet f\u00fcr folgende Veranstaltungen und Einsatzorte:<br \/>\n<br \/>\nMessen und Ausstellungen: Ideal f\u00fcr schnelle und flexible Pr\u00e4sentationen bei Veranstaltungen.<br \/>\nEinzelhandel und Promotionen: Perfekt, um Werbebotschaften in Gesch\u00e4ften oder tempor\u00e4ren Aktionen zu pr\u00e4sentieren.<br \/>\nSchulungen und Seminare: Eine leicht transportierbare L\u00f6sung f\u00fcr mobile Pr\u00e4sentationen.<br \/>\nPop-up Stores und Events: Eine einfache und kosteng\u00fcnstige M\u00f6glichkeit, Werbung schnell zu platzieren und auszutauschen.<\/p>\n","protected":false},"featured_media":9581,"template":"","meta":{"_acf_changed":false,"rank_math_lock_modified_date":false},"product_cat":[386],"product_tag":[],"class_list":{"0":"post-16143","1":"product","2":"type-product","3":"status-publish","4":"has-post-thumbnail","6":"product_cat-einseitige-rollups","8":"first","9":"instock","10":"shipping-taxable","11":"purchasable","12":"product-type-variable"},"acf":[],"_links":{"self":[{"href":"https:\/\/blacksmith-displays.com\/de\/wp-json\/wp\/v2\/product\/16143","targetHints":{"allow":["GET"]}}],"collection":[{"href":"https:\/\/blacksmith-displays.com\/de\/wp-json\/wp\/v2\/product"}],"about":[{"href":"https:\/\/blacksmith-displays.com\/de\/wp-json\/wp\/v2\/types\/product"}],"wp:featuredmedia":[{"embeddable":true,"href":"https:\/\/blacksmith-displays.com\/de\/wp-json\/wp\/v2\/media\/9581"}],"wp:attachment":[{"href":"https:\/\/blacksmith-displays.com\/de\/wp-json\/wp\/v2\/media?parent=16143"}],"wp:term":[{"taxonomy":"product_cat","embeddable":true,"href":"https:\/\/blacksmith-displays.com\/de\/wp-json\/wp\/v2\/product_cat?post=16143"},{"taxonomy":"product_tag","embeddable":true,"href":"https:\/\/blacksmith-displays.com\/de\/wp-json\/wp\/v2\/product_tag?post=16143"}],"curies":[{"name":"wp","href":"https:\/\/api.w.org\/{rel}","templated":true}]}}