{"id":16152,"date":"2024-09-27T14:51:49","date_gmt":"2024-09-27T12:51:49","guid":{"rendered":"https:\/\/blacksmith-displays.com\/kategoria\/unkategorisiert\/blizzard\/"},"modified":"2024-11-15T17:23:01","modified_gmt":"2024-11-15T16:23:01","slug":"blizzard","status":"publish","type":"product","link":"https:\/\/blacksmith-displays.com\/de\/produkt\/rollups-de\/einseitige-rollups\/blizzard\/","title":{"rendered":"Blizzard"},"content":{"rendered":"<p>Der Blizzard Outdoor-Banner ist eine vielseitige L\u00f6sung, die sich ideal f\u00fcr verschiedene Arten von Outdoor-Events eignet. Dank seiner einfachen Konstruktion l\u00e4sst sich der Banner vor Ort schnell und m\u00fchelos aufbauen. Die verstellbare Rahmenstruktur erm\u00f6glicht es, ihn an unterschiedliche Grafikgr\u00f6\u00dfen anzupassen, was ihn zu einem \u00e4u\u00dferst flexiblen und praktischen Werbesystem macht.<\/p>\n","protected":false},"excerpt":{"rendered":"<p>Geeignet f\u00fcr folgende Veranstaltungen und Einsatzorte:<br \/>\n<br \/>\nOutdoor-Veranstaltungen und Festivals: Perfekt f\u00fcr die Pr\u00e4sentation von Werbebotschaften bei Outdoor-Events.<br \/>\nSportveranstaltungen: Eine robuste und anpassungsf\u00e4hige L\u00f6sung f\u00fcr tempor\u00e4re Werbung bei Sport-Events.<br \/>\nMessen und Promotionen im Freien: Ideal f\u00fcr tempor\u00e4re Au\u00dfenwerbung bei Veranstaltungen und Promotions.<br \/>\nEinzelhandel im Au\u00dfenbereich: Flexible und leicht anpassbare Werbem\u00f6glichkeit vor Gesch\u00e4ften oder Einkaufszentren.<\/p>\n","protected":false},"featured_media":9591,"template":"","meta":{"_acf_changed":false,"rank_math_lock_modified_date":false},"product_cat":[386],"product_tag":[],"class_list":{"0":"post-16152","1":"product","2":"type-product","3":"status-publish","4":"has-post-thumbnail","6":"product_cat-einseitige-rollups","8":"first","9":"instock","10":"shipping-taxable","11":"purchasable","12":"product-type-variable"},"acf":[],"_links":{"self":[{"href":"https:\/\/blacksmith-displays.com\/de\/wp-json\/wp\/v2\/product\/16152","targetHints":{"allow":["GET"]}}],"collection":[{"href":"https:\/\/blacksmith-displays.com\/de\/wp-json\/wp\/v2\/product"}],"about":[{"href":"https:\/\/blacksmith-displays.com\/de\/wp-json\/wp\/v2\/types\/product"}],"wp:featuredmedia":[{"embeddable":true,"href":"https:\/\/blacksmith-displays.com\/de\/wp-json\/wp\/v2\/media\/9591"}],"wp:attachment":[{"href":"https:\/\/blacksmith-displays.com\/de\/wp-json\/wp\/v2\/media?parent=16152"}],"wp:term":[{"taxonomy":"product_cat","embeddable":true,"href":"https:\/\/blacksmith-displays.com\/de\/wp-json\/wp\/v2\/product_cat?post=16152"},{"taxonomy":"product_tag","embeddable":true,"href":"https:\/\/blacksmith-displays.com\/de\/wp-json\/wp\/v2\/product_tag?post=16152"}],"curies":[{"name":"wp","href":"https:\/\/api.w.org\/{rel}","templated":true}]}}