{"id":16461,"date":"2024-09-27T15:18:19","date_gmt":"2024-09-27T13:18:19","guid":{"rendered":"https:\/\/blacksmith-displays.com\/kategoria\/unkategorisiert\/zoom-edge\/"},"modified":"2025-09-27T14:56:52","modified_gmt":"2025-09-27T12:56:52","slug":"zoom-edge","status":"publish","type":"product","link":"https:\/\/blacksmith-displays.com\/de\/produkt\/aussenwerbung\/fahnen-und-hissfahnen\/zoom-edge\/","title":{"rendered":"Zoom Edge"},"content":{"rendered":"<p>Das Rechteckige Fahnen-System Edge ist ein beliebtes und vielseitiges Werbesystem mit einem eleganten schwarzen Finish und Masten aus strapazierf\u00e4higem Glasfaser. Dieses leichte System ist ideal f\u00fcr alle Arten von Innen- und Au\u00dfenanwendungen geeignet.<\/p>\n<p>Der Aufbau ist schnell und einfach, und es ist robust genug, um Winden mit Geschwindigkeiten von etwa 21-29 km\/h standzuhalten. Die optionale Flaggen-Grafik kann individuell bedruckt werden und ist in einseitiger oder doppelseitiger Ausf\u00fchrung erh\u00e4ltlich (klein, mittel und gro\u00df). Alle Flaggen verf\u00fcgen \u00fcber eine aufgen\u00e4hte Tasche f\u00fcr den Mast und einen eingearbeiteten Schnurzug, um die Flagge straff zu halten.<\/p>\n","protected":false},"excerpt":{"rendered":"<p>Geeignet f\u00fcr folgende Veranstaltungen und Einsatzorte:<br \/>\n<br \/>\nMessen und Ausstellungen: Ideal, um Ihre Marke sichtbar zu pr\u00e4sentieren und Besucher anzuziehen.<br \/>\nOutdoor-Events: Eine auff\u00e4llige L\u00f6sung, um Aufmerksamkeit auf Veranstaltungen im Freien zu lenken.<br \/>\nEinzelhandel und Promotionen: Perfekt f\u00fcr Werbeaktionen in Gesch\u00e4ften oder auf Verkaufsfl\u00e4chen.<br \/>\nParkpl\u00e4tze: Effektiv zur Ansprache von Kunden und Passanten in stark frequentierten Bereichen.<\/p>\n","protected":false},"featured_media":10049,"template":"","meta":{"_acf_changed":false,"rank_math_lock_modified_date":false},"product_cat":[354],"product_tag":[],"class_list":{"0":"post-16461","1":"product","2":"type-product","3":"status-publish","4":"has-post-thumbnail","6":"product_cat-fahnen-und-hissfahnen","8":"first","9":"instock","10":"shipping-taxable","11":"purchasable","12":"product-type-variable"},"acf":[],"_links":{"self":[{"href":"https:\/\/blacksmith-displays.com\/de\/wp-json\/wp\/v2\/product\/16461","targetHints":{"allow":["GET"]}}],"collection":[{"href":"https:\/\/blacksmith-displays.com\/de\/wp-json\/wp\/v2\/product"}],"about":[{"href":"https:\/\/blacksmith-displays.com\/de\/wp-json\/wp\/v2\/types\/product"}],"wp:featuredmedia":[{"embeddable":true,"href":"https:\/\/blacksmith-displays.com\/de\/wp-json\/wp\/v2\/media\/10049"}],"wp:attachment":[{"href":"https:\/\/blacksmith-displays.com\/de\/wp-json\/wp\/v2\/media?parent=16461"}],"wp:term":[{"taxonomy":"product_cat","embeddable":true,"href":"https:\/\/blacksmith-displays.com\/de\/wp-json\/wp\/v2\/product_cat?post=16461"},{"taxonomy":"product_tag","embeddable":true,"href":"https:\/\/blacksmith-displays.com\/de\/wp-json\/wp\/v2\/product_tag?post=16461"}],"curies":[{"name":"wp","href":"https:\/\/api.w.org\/{rel}","templated":true}]}}