{"id":16940,"date":"2024-09-27T15:38:16","date_gmt":"2024-09-27T13:38:16","guid":{"rendered":"https:\/\/blacksmith-displays.com\/kategoria\/unkategorisiert\/polbok-mocowanie-6m-do-pro-premium-tent\/"},"modified":"2024-11-16T16:29:47","modified_gmt":"2024-11-16T15:29:47","slug":"halbes-gestaenge-6m-fuer-pro-premium-zelt","status":"publish","type":"product","link":"https:\/\/blacksmith-displays.com\/de\/produkt\/aussenwerbung\/outdoor-zubehoer\/halbes-gestaenge-6m-fuer-pro-premium-zelt\/","title":{"rendered":"Stange f\u00fcr halbe Wand 6m f\u00fcr Pro\/Premium-Zelt"},"content":{"rendered":"<p>Stange f\u00fcr halbe Wand 6m f\u00fcr Pro\/Premium-Zelt \u2013 Robuste Unterst\u00fctzung f\u00fcr gro\u00dfe Zeltstrukturen<br \/>\n<br \/>\nDie Stange f\u00fcr halbe Wand 6m f\u00fcr Pro\/Premium-Zelt bietet eine stabile und zuverl\u00e4ssige Befestigung f\u00fcr Ihre halbe Seitenwand. Mit einer L\u00e4nge von 6 Metern ist diese Stange speziell f\u00fcr gr\u00f6\u00dfere Pro und Premium-Zelte konzipiert und sorgt daf\u00fcr, dass die halbe Wand sicher und fest positioniert bleibt. Sie gew\u00e4hrleistet, dass Ihre Zeltstruktur auch bei windigen Bedingungen stabil bleibt und sch\u00fctzt vor Witterungseinfl\u00fcssen.<br \/>\n<br \/>\nDie Stange f\u00fcr halbe Wand 6m ist aus robustem Material gefertigt und einfach zu installieren, was sie besonders f\u00fcr den Einsatz bei gr\u00f6\u00dferen Zeltaufbauten geeignet macht. Sie sorgt f\u00fcr eine stabile und funktionale L\u00f6sung, um mehr Schutz und Privatsph\u00e4re zu bieten und gleichzeitig das Zelt ordentlich und professionell abzutrennen.<\/p>\n","protected":false},"excerpt":{"rendered":"<p>Geeignet f\u00fcr folgende Veranstaltungen und Einsatzorte:<br \/>\n<br \/>\nMessen und Ausstellungen: Ideal, um gro\u00dfe Zeltstrukturen abzugrenzen und eine stabile Wand zu gew\u00e4hrleisten.<br \/>\nOutdoor-Events und Festivals: Perfekt f\u00fcr Zelte, die bei unterschiedlichen Wetterbedingungen zus\u00e4tzlichen Halt ben\u00f6tigen.<br \/>\nFirmen-Events und Konferenzen: Eine ausgezeichnete L\u00f6sung, um gr\u00f6\u00dfere Zeltbereiche sicher zu trennen und eine angenehme Atmosph\u00e4re zu schaffen.<br \/>\nPromotionen und Verkaufsaktionen: Bietet zus\u00e4tzliche Stabilit\u00e4t f\u00fcr Zeltw\u00e4nde bei gro\u00dfen Outdoor-Veranstaltungen oder Verkaufsfl\u00e4chen.<br \/>\n<br \/>\nDruck nicht inbegriffen. Nur die Stange ist enthalten.<\/p>\n","protected":false},"featured_media":10141,"template":"","meta":{"_acf_changed":false,"rank_math_lock_modified_date":false},"product_cat":[342],"product_tag":[],"class_list":{"0":"post-16940","1":"product","2":"type-product","3":"status-publish","4":"has-post-thumbnail","6":"product_cat-outdoor-zubehoer","8":"first","9":"instock","10":"shipping-taxable","11":"purchasable","12":"product-type-simple"},"acf":[],"_links":{"self":[{"href":"https:\/\/blacksmith-displays.com\/de\/wp-json\/wp\/v2\/product\/16940","targetHints":{"allow":["GET"]}}],"collection":[{"href":"https:\/\/blacksmith-displays.com\/de\/wp-json\/wp\/v2\/product"}],"about":[{"href":"https:\/\/blacksmith-displays.com\/de\/wp-json\/wp\/v2\/types\/product"}],"wp:featuredmedia":[{"embeddable":true,"href":"https:\/\/blacksmith-displays.com\/de\/wp-json\/wp\/v2\/media\/10141"}],"wp:attachment":[{"href":"https:\/\/blacksmith-displays.com\/de\/wp-json\/wp\/v2\/media?parent=16940"}],"wp:term":[{"taxonomy":"product_cat","embeddable":true,"href":"https:\/\/blacksmith-displays.com\/de\/wp-json\/wp\/v2\/product_cat?post=16940"},{"taxonomy":"product_tag","embeddable":true,"href":"https:\/\/blacksmith-displays.com\/de\/wp-json\/wp\/v2\/product_tag?post=16940"}],"curies":[{"name":"wp","href":"https:\/\/api.w.org\/{rel}","templated":true}]}}