{"id":16994,"date":"2024-09-27T15:38:50","date_gmt":"2024-09-27T13:38:50","guid":{"rendered":"https:\/\/blacksmith-displays.com\/kategoria\/unkategorisiert\/podsufitka-4x6-z-drukiem-do-pro-premium-tent\/"},"modified":"2024-11-16T17:00:53","modified_gmt":"2024-11-16T16:00:53","slug":"headliner-4x6-mit-druck-fuer-pro-premium-tent","status":"publish","type":"product","link":"https:\/\/blacksmith-displays.com\/de\/produkt\/aussenwerbung\/outdoor-zubehoer\/headliner-4x6-mit-druck-fuer-pro-premium-tent\/","title":{"rendered":"Dachhimmel f\u00fcr innen 4&#215;6 mit Druck f\u00fcr Pro\/Premium Tent"},"content":{"rendered":"<p>Dachhimmel f\u00fcr innen 4&#215;6 mit Druck f\u00fcr Pro\/Premium-Zelt \u2013 Individuelle Gestaltung f\u00fcr Ihr Zelt<br \/>\nDer Dachhimmel f\u00fcr innen 4&#215;6 mit Druck f\u00fcr Pro\/Premium-Zelt bietet eine funktionale L\u00f6sung zur Versch\u00f6nerung des Zeltinneren und erm\u00f6glicht gleichzeitig eine individuelle Gestaltung durch personalisierten Druck. Mit den Ma\u00dfen 4&#215;6 Metern ist dieser Dachhimmel speziell f\u00fcr Pro und Premium-Zelte konzipiert und l\u00e4sst sich nach Ihren Designw\u00fcnschen bedrucken. Ob mit Ihrem Logo, einer Werbebotschaft oder einem kreativen Design \u2013 dieser Dachhimmel verleiht Ihrem Zelt ein einzigartiges und professionelles Erscheinungsbild.<br \/>\n<br \/>\nDer Dachhimmel mit Druck sorgt f\u00fcr eine stilvolle Innenverkleidung, die Ihre Marke oder Veranstaltung auf eine ansprechende Weise pr\u00e4sentiert. Das robuste Material garantiert eine lange Haltbarkeit und eine einfache Installation.<\/p>\n","protected":false},"excerpt":{"rendered":"<p>Laibung ohne Druck 4x6m, zur Verbesserung der \u00c4sthetik des Zeltinneren. &#8211; mit Aufdruck<\/p>\n","protected":false},"featured_media":10157,"template":"","meta":{"_acf_changed":false,"rank_math_lock_modified_date":false},"product_cat":[342],"product_tag":[],"class_list":{"0":"post-16994","1":"product","2":"type-product","3":"status-publish","4":"has-post-thumbnail","6":"product_cat-outdoor-zubehoer","8":"first","9":"instock","10":"shipping-taxable","11":"purchasable","12":"product-type-simple"},"acf":[],"_links":{"self":[{"href":"https:\/\/blacksmith-displays.com\/de\/wp-json\/wp\/v2\/product\/16994","targetHints":{"allow":["GET"]}}],"collection":[{"href":"https:\/\/blacksmith-displays.com\/de\/wp-json\/wp\/v2\/product"}],"about":[{"href":"https:\/\/blacksmith-displays.com\/de\/wp-json\/wp\/v2\/types\/product"}],"wp:featuredmedia":[{"embeddable":true,"href":"https:\/\/blacksmith-displays.com\/de\/wp-json\/wp\/v2\/media\/10157"}],"wp:attachment":[{"href":"https:\/\/blacksmith-displays.com\/de\/wp-json\/wp\/v2\/media?parent=16994"}],"wp:term":[{"taxonomy":"product_cat","embeddable":true,"href":"https:\/\/blacksmith-displays.com\/de\/wp-json\/wp\/v2\/product_cat?post=16994"},{"taxonomy":"product_tag","embeddable":true,"href":"https:\/\/blacksmith-displays.com\/de\/wp-json\/wp\/v2\/product_tag?post=16994"}],"curies":[{"name":"wp","href":"https:\/\/api.w.org\/{rel}","templated":true}]}}