{"id":17086,"date":"2024-09-27T15:39:54","date_gmt":"2024-09-27T13:39:54","guid":{"rendered":"https:\/\/blacksmith-displays.com\/kategoria\/unkategorisiert\/star-tent-big-126x126\/"},"modified":"2024-11-21T16:46:02","modified_gmt":"2024-11-21T15:46:02","slug":"star-tent-big-126x126","status":"publish","type":"product","link":"https:\/\/blacksmith-displays.com\/de\/produkt\/aussenwerbung\/werbezelte\/star-tent-big-126x126\/","title":{"rendered":"Star Tent BIG 12,6&#215;12,6"},"content":{"rendered":"<p>Setzen Sie ein un\u00fcbersehbares Zeichen mit dem Star Tent BIG 12,6&#215;12,6, das in puncto Gr\u00f6\u00dfe und visuellem Impact neue Ma\u00dfst\u00e4be setzt. Dieses au\u00dfergew\u00f6hnliche Zelt bietet dank seiner erweiterten Ma\u00dfe ein Maximum an Raum und Komfort und kreiert eine Atmosph\u00e4re der Weite und Leichtigkeit, die bei kleineren Modellen unerreicht bleibt. Die einzigartige Sternform des Zeltes sorgt nicht nur f\u00fcr einen atemberaubenden Anblick von au\u00dfen und aus der Luft, sondern auch f\u00fcr eine einladende und offene Umgebung von innen.<br \/>\n<br \/>\nDas Star Tent BIG ist die erste Wahl f\u00fcr Eventplaner, die eine Kombination aus au\u00dfergew\u00f6hnlicher Kapazit\u00e4t, visueller Eleganz und funktionaler Exzellenz f\u00fcr ihre Veranstaltung suchen.<\/p>\n","protected":false},"excerpt":{"rendered":"<p>Geeignet f\u00fcr folgende Veranstaltungen und Einsatzorte:<br \/>\n<br \/>\nGro\u00dfe Outdoor-Events: Perfekt f\u00fcr Festivals, Konzerte oder kulturelle Veranstaltungen, wo viele Menschen zusammenkommen und eine beeindruckende Kulisse erwarten.<br \/>\nFirmen-Gro\u00dfveranstaltungen: Bietet einen exklusiven und weitr\u00e4umigen Bereich f\u00fcr Produktlaunches, Firmenfeiern und gro\u00dfe Zusammenk\u00fcnfte.<br \/>\nSportveranstaltungen: Ideal als VIP-Bereich oder Hospitality-Zone, die stilvollen Komfort und einen gro\u00dfartigen Blick auf das Geschehen erm\u00f6glicht.<br \/>\nElegante Empf\u00e4nge und Galas: Schafft ein luxuri\u00f6ses und spektakul\u00e4res Umfeld, das perfekt auf die Bed\u00fcrfnisse hochkar\u00e4tiger Ereignisse abgestimmt ist.<br \/>\nDas Star Tent BIG ist die erste Wahl f\u00fcr Eventplaner, die eine Kombination aus au\u00dfergew\u00f6hnlicher Kapazit\u00e4t, visueller Eleganz und funktionaler Exzellenz f\u00fcr ihre Veranstaltung suchen.<\/p>\n","protected":false},"featured_media":10193,"template":"","meta":{"_acf_changed":false,"rank_math_lock_modified_date":false},"product_cat":[362],"product_tag":[],"class_list":{"0":"post-17086","1":"product","2":"type-product","3":"status-publish","4":"has-post-thumbnail","6":"product_cat-werbezelte","8":"first","9":"instock","10":"shipping-taxable","11":"product-type-grouped"},"acf":[],"_links":{"self":[{"href":"https:\/\/blacksmith-displays.com\/de\/wp-json\/wp\/v2\/product\/17086","targetHints":{"allow":["GET"]}}],"collection":[{"href":"https:\/\/blacksmith-displays.com\/de\/wp-json\/wp\/v2\/product"}],"about":[{"href":"https:\/\/blacksmith-displays.com\/de\/wp-json\/wp\/v2\/types\/product"}],"wp:featuredmedia":[{"embeddable":true,"href":"https:\/\/blacksmith-displays.com\/de\/wp-json\/wp\/v2\/media\/10193"}],"wp:attachment":[{"href":"https:\/\/blacksmith-displays.com\/de\/wp-json\/wp\/v2\/media?parent=17086"}],"wp:term":[{"taxonomy":"product_cat","embeddable":true,"href":"https:\/\/blacksmith-displays.com\/de\/wp-json\/wp\/v2\/product_cat?post=17086"},{"taxonomy":"product_tag","embeddable":true,"href":"https:\/\/blacksmith-displays.com\/de\/wp-json\/wp\/v2\/product_tag?post=17086"}],"curies":[{"name":"wp","href":"https:\/\/api.w.org\/{rel}","templated":true}]}}