{"id":17392,"date":"2024-09-27T16:00:36","date_gmt":"2024-09-27T14:00:36","guid":{"rendered":"https:\/\/blacksmith-displays.com\/kategoria\/unkategorisiert\/telebim-led-wall\/"},"modified":"2024-11-21T17:54:51","modified_gmt":"2024-11-21T16:54:51","slug":"telebim-led-wall","status":"publish","type":"product","link":"https:\/\/blacksmith-displays.com\/de\/produkt\/multimedia-werbung\/led-bildschirme\/telebim-led-wall\/","title":{"rendered":"LED-Wall Telebim"},"content":{"rendered":"<p>Der LED-Wall Telebim ist ein bahnbrechendes Werkzeug f\u00fcr die moderne Kundenkommunikation. Ausgestattet mit der neuesten LED-Technologie, er\u00f6ffnet sie unbegrenzte M\u00f6glichkeiten f\u00fcr Werbung, Pr\u00e4sentationen und visuelle Effekte, die jeden Betrachter beeindrucken. Mit brillanter Bildqualit\u00e4t und lebendigen Farben sorgt die LED-Wall f\u00fcr maximale Aufmerksamkeit, egal ob im Innen- oder Au\u00dfenbereich. Dank ihrer dynamischen visuellen Effekte wird Ihre Botschaft auf beeindruckende Weise vermittelt und bleibt nachhaltig im Ged\u00e4chtnis.<\/p>\n<p>\n","protected":false},"excerpt":{"rendered":"<p>Wo kann der LED-Wall Telebim-Bildschirm eingesetzt werden?<br \/>\n<br \/>\nMessen und Industrieausstellungen: Ideal, um auf Messest\u00e4nden Aufmerksamkeit zu erregen.<br \/>\nPromotionsveranstaltungen: Ein effektives Mittel zur Darstellung dynamischer Inhalte bei Veranstaltungen.<br \/>\nSchaufenster: Ideal f\u00fcr die Anzeige von Angeboten und Werbeaktionen.<br \/>\nEinkaufszentren: Ziehen Sie Kunden mit visuell ansprechender Werbung an.<br \/>\nRestaurants und Caf\u00e9s: Ideal f\u00fcr die Pr\u00e4sentation von Speisekarten und Sonderangeboten.<br \/>\nFlugh\u00e4fen und Bahnh\u00f6fe: Erleichtern die Information der Passagiere und f\u00f6rdern kommerzielle Angebote.<br \/>\nKinos und Theater: F\u00fcr die Ank\u00fcndigung von Filmen und Auff\u00fchrungen.<br \/>\nStadien und Sportarenen: Ideal f\u00fcr die Anzeige von Werbung und Informationen \u00fcber Sportveranstaltungen.<br \/>\n<br \/>\nVorteile des Modells LED-Wall Telebim:<br \/>\n<br \/>\nDynamische Werbung<br \/>\n<br \/>\nDer LED-Wall Telebim-Bildschirm erm\u00f6glicht die Erstellung von dynamischen und interaktiven Werbekampagnen. Dank der M\u00f6glichkeit, Ihre Inhalte \u00fcber Wi-Fi und 4G zu aktualisieren, k\u00f6nnen Sie Ihre Botschaften sofort an wechselnde Bed\u00fcrfnisse und Anl\u00e4sse anpassen.<br \/>\n<br \/>\nAu\u00dfergew\u00f6hnliche Bildqualit\u00e4t<br \/>\nTelebims bestehen aus LED-Modulen, die in einer Matrix angeordnet sind, wobei jede LED f\u00fcr ein Pixel verantwortlich ist. Dies gew\u00e4hrleistet lebendige, satte Farben und eine hohe Helligkeit, so dass Ihre Werbung auch bei schwierigen Lichtverh\u00e4ltnissen perfekt sichtbar ist.<br \/>\n<br \/>\nEinfache Bedienung und Wartung<br \/>\nBei der Entwicklung unserer LED-Bildschirme stand die Benutzerfreundlichkeit im Vordergrund. Das modulare Design erleichtert die Installation und Wartung, und der Einsatz der GOB-Technologie (Klebeschutz der Dioden) sch\u00fctzt den Bildschirm vor mechanischen Sch\u00e4den und Witterungseinfl\u00fcssen.<br \/>\n<br \/>\nTechnische Daten:<br \/>\n<br \/>\nJedes Modul besteht aus vier Platten mit den Abmessungen 248 x 248 mm<br \/>\nDioden durch GOB-Technologie gesch\u00fctzt<br \/>\nSchutzgrad: IP43<br \/>\nPixelabstand: 2,48 mm<br \/>\nBetrachtungswinkel: 160 Grad (sowohl vertikal als auch horizontal)<br \/>\nHelligkeit: 800 mcd<br \/>\nNennleistung: AC110-240V \/ 50Hz-60Hz<br \/>\nMaximale Leistung: 800 W\/m\u00b2; Durchschnitt: 320 W\/m\u00b2<br \/>\nAufl\u00f6sung des Moduls: 100 x 100 Pixel<br \/>\nAbmessungen des Moduls: 496 x 496 mm<br \/>\nGewicht des Moduls: 560 g<\/p>\n","protected":false},"featured_media":10471,"template":"","meta":{"_acf_changed":false,"rank_math_lock_modified_date":false},"product_cat":[330],"product_tag":[],"class_list":{"0":"post-17392","1":"product","2":"type-product","3":"status-publish","4":"has-post-thumbnail","6":"product_cat-led-bildschirme","8":"first","9":"instock","10":"shipping-taxable","11":"purchasable","12":"product-type-variable"},"acf":[],"_links":{"self":[{"href":"https:\/\/blacksmith-displays.com\/de\/wp-json\/wp\/v2\/product\/17392","targetHints":{"allow":["GET"]}}],"collection":[{"href":"https:\/\/blacksmith-displays.com\/de\/wp-json\/wp\/v2\/product"}],"about":[{"href":"https:\/\/blacksmith-displays.com\/de\/wp-json\/wp\/v2\/types\/product"}],"wp:featuredmedia":[{"embeddable":true,"href":"https:\/\/blacksmith-displays.com\/de\/wp-json\/wp\/v2\/media\/10471"}],"wp:attachment":[{"href":"https:\/\/blacksmith-displays.com\/de\/wp-json\/wp\/v2\/media?parent=17392"}],"wp:term":[{"taxonomy":"product_cat","embeddable":true,"href":"https:\/\/blacksmith-displays.com\/de\/wp-json\/wp\/v2\/product_cat?post=17392"},{"taxonomy":"product_tag","embeddable":true,"href":"https:\/\/blacksmith-displays.com\/de\/wp-json\/wp\/v2\/product_tag?post=17392"}],"curies":[{"name":"wp","href":"https:\/\/api.w.org\/{rel}","templated":true}]}}