{"id":17402,"date":"2024-09-27T16:02:09","date_gmt":"2024-09-27T14:02:09","guid":{"rendered":"https:\/\/blacksmith-displays.com\/kategoria\/unkategorisiert\/dynamic-led-wall\/"},"modified":"2024-11-21T17:59:05","modified_gmt":"2024-11-21T16:59:05","slug":"dynamic-led-wall","status":"publish","type":"product","link":"https:\/\/blacksmith-displays.com\/de\/produkt\/multimedia-werbung\/led-bildschirme\/dynamic-led-wall\/","title":{"rendered":"LED-Wall Dynamic"},"content":{"rendered":"<p>Die LED-Wall Dynamic ist eine innovative L\u00f6sung, die statische Inhalte in fesselnde, dynamische Visuals verwandelt. Mit modernster LED-Technologie erwecken Sie Ihre Werbung zum Leben und verleihen ihr eine v\u00f6llig neue Dimension der Anziehungskraft. Die brillante Darstellung in Kombination mit flie\u00dfenden \u00dcberg\u00e4ngen und beeindruckenden visuellen Effekten sorgt daf\u00fcr, dass Ihre Botschaft nachhaltig die Aufmerksamkeit auf sich zieht und in Erinnerung bleibt. Ideal f\u00fcr den Einsatz in stark frequentierten Bereichen oder bei Gro\u00dfveranstaltungen, bietet die Dynamic LED Wall eine beispiellose M\u00f6glichkeit, Ihre Marke auf eindrucksvolle Weise zu pr\u00e4sentieren.<\/p>\n","protected":false},"excerpt":{"rendered":"<p>Wo kann LED-Wall Dynamic eingesetzt werden?<br \/>\n<br \/>\nEinzelhandelsgesch\u00e4fte: Fesseln Sie die Aufmerksamkeit der Kunden mit dynamischem Bildmaterial.<br \/>\nEinkaufspassagen: Steigern Sie die Attraktivit\u00e4t von Einzelhandelsfl\u00e4chen.<br \/>\nMessen und Ausstellungen: Heben Sie Ihren Stand mit eindrucksvollen visuellen Effekten hervor.<br \/>\nKonferenzzentren: Machen Sie Pr\u00e4sentationen und Veranstaltungen attraktiver.<br \/>\nFlugh\u00e4fen: Informieren und werben Sie auf eine moderne und dynamische Art und Weise.<br \/>\nKonzerts\u00e4le: Schaffen Sie unvergessliche visuelle Erlebnisse bei Auff\u00fchrungen.<br \/>\nSportstadien: Steigern Sie das Engagement der Zuschauer mit dynamischer Werbung.<br \/>\nHotels und Empfangsbereiche: Sorgen Sie f\u00fcr einen unvergesslichen ersten Eindruck bei Ihren G\u00e4sten.<br \/>\nTouristische Einrichtungen: Setzen Sie interaktive und ansprechende visuelle Inhalte ein.<br \/>\n<br \/>\nVorteile des Modells LED-Wall Dynamic<br \/>\n<br \/>\nAuff\u00e4llige Visuals<br \/>\nLED-Wall Dynamic bietet eine moderne Werbequalit\u00e4t und verwandelt statische Bilder in lebendige, bewegte Visuals. Mit LED-Panels k\u00f6nnen Sie Bewegungen simulieren, Szenen wechseln und Effekte wie flackernde Lichter, sich drehende R\u00e4der oder bew\u00f6lkten Himmel hinzuf\u00fcgen. Perfekt f\u00fcr Marken, die sich abheben und die Aufmerksamkeit ihres Publikums erregen wollen.<br \/>\n<br \/>\nSchnelle und einfache Inhaltsaktualisierung<br \/>\nDank des integrierten Wi-Fi und 4G-f\u00e4higen Controllers k\u00f6nnen Sie Animationen und Grafiken m\u00fchelos von Ihrem Smartphone oder Laptop aus aktualisieren. Das gibt Ihnen die Flexibilit\u00e4t, Ihre Inhalte an Ihre aktuellen Kampagnen und Marketinganforderungen anzupassen.<br \/>\n<br \/>\nPersonalisierung und Individualisierung<br \/>\nDie LED-Wall Dynamic ist in drei verschiedenen Gr\u00f6\u00dfen erh\u00e4ltlich, so dass Sie die perfekte L\u00f6sung w\u00e4hlen k\u00f6nnen, egal ob Sie ein kompaktes Panel oder einen gro\u00dfen Bildschirm ben\u00f6tigen. Dar\u00fcber hinaus bieten wir Ihnen die M\u00f6glichkeit, das Produkt in jeder beliebigen Gr\u00f6\u00dfe zu bestellen, die Ihren spezifischen Anforderungen entspricht.<br \/>\n<br \/>\nTechnische Daten:<br \/>\n<br \/>\nSimulation von Bewegung und wechselnden Szenen<br \/>\nM\u00f6glichkeit, Animationen \u00fcber Smartphone oder Laptop zu aktualisieren<br \/>\nEingebauter Controller mit Antrieb<br \/>\nUnterst\u00fctzt Wi-Fi- und 4G-Technologie<br \/>\nEmpfohlener Versand per Spezialtransport<br \/>\nM\u00f6glichkeit, Animationen und Grafiken selbst oder mit Hilfe einer Kreativagentur zu erstellen<br \/>\nAbmessungen eines einzelnen Panels: 16 x 32 cm (128 Dioden) oder 32 x 32 cm (256 Dioden).<\/p>\n","protected":false},"featured_media":10493,"template":"","meta":{"_acf_changed":false,"rank_math_lock_modified_date":false},"product_cat":[330],"product_tag":[],"class_list":{"0":"post-17402","1":"product","2":"type-product","3":"status-publish","4":"has-post-thumbnail","6":"product_cat-led-bildschirme","8":"first","9":"instock","10":"shipping-taxable","11":"purchasable","12":"product-type-variable"},"acf":[],"_links":{"self":[{"href":"https:\/\/blacksmith-displays.com\/de\/wp-json\/wp\/v2\/product\/17402","targetHints":{"allow":["GET"]}}],"collection":[{"href":"https:\/\/blacksmith-displays.com\/de\/wp-json\/wp\/v2\/product"}],"about":[{"href":"https:\/\/blacksmith-displays.com\/de\/wp-json\/wp\/v2\/types\/product"}],"wp:featuredmedia":[{"embeddable":true,"href":"https:\/\/blacksmith-displays.com\/de\/wp-json\/wp\/v2\/media\/10493"}],"wp:attachment":[{"href":"https:\/\/blacksmith-displays.com\/de\/wp-json\/wp\/v2\/media?parent=17402"}],"wp:term":[{"taxonomy":"product_cat","embeddable":true,"href":"https:\/\/blacksmith-displays.com\/de\/wp-json\/wp\/v2\/product_cat?post=17402"},{"taxonomy":"product_tag","embeddable":true,"href":"https:\/\/blacksmith-displays.com\/de\/wp-json\/wp\/v2\/product_tag?post=17402"}],"curies":[{"name":"wp","href":"https:\/\/api.w.org\/{rel}","templated":true}]}}