{"id":18147,"date":"2024-09-27T20:14:56","date_gmt":"2024-09-27T18:14:56","guid":{"rendered":"https:\/\/blacksmith-displays.com\/?post_type=product&#038;p=18147"},"modified":"2024-11-21T17:09:28","modified_gmt":"2024-11-21T16:09:28","slug":"zoom-large-cross-base","status":"publish","type":"product","link":"https:\/\/blacksmith-displays.com\/de\/produkt\/aussenwerbung\/outdoor-zubehoer\/zoom-large-cross-base\/","title":{"rendered":"Zoom + Large Cross Base"},"content":{"rendered":"<p>Der Large Cross Base ist die perfekte Erg\u00e4nzung zur Fahne, da sein Design nicht von der Botschaft auf der Grafik ablenkt.  Er ist faltbar, leicht und tragbar, so dass er schnell und einfach auseinandergenommen, gelagert und transportiert werden kann.<\/p>\n","protected":false},"excerpt":{"rendered":"<p>Geeignet f\u00fcr folgende Veranstaltungen und Einsatzorte:<br \/>\n<br \/>\nOutdoor-Events und Festivals: Ideal f\u00fcr den stabilen Einsatz bei wechselnden Wetterbedingungen.<br \/>\nMessen und Ausstellungen: Perfekt, um Ihre Fahne sicher und auff\u00e4llig zu pr\u00e4sentieren.<br \/>\nPromotionen und Verkaufsaktionen: Eine praktische und stabile L\u00f6sung f\u00fcr tempor\u00e4re Werbeaufstellungen.<br \/>\nFirmen-Events und Konferenzen: Ideal f\u00fcr den Einsatz bei Business-Veranstaltungen, bei denen eine diskrete und stabile Basis ben\u00f6tigt wird.<\/p>\n","protected":false},"featured_media":9985,"template":"","meta":{"_acf_changed":false,"rank_math_lock_modified_date":false},"product_cat":[342],"product_tag":[],"class_list":{"0":"post-18147","1":"product","2":"type-product","3":"status-publish","4":"has-post-thumbnail","6":"product_cat-outdoor-zubehoer","8":"first","9":"instock","10":"shipping-taxable","11":"purchasable","12":"product-type-simple"},"acf":[],"_links":{"self":[{"href":"https:\/\/blacksmith-displays.com\/de\/wp-json\/wp\/v2\/product\/18147","targetHints":{"allow":["GET"]}}],"collection":[{"href":"https:\/\/blacksmith-displays.com\/de\/wp-json\/wp\/v2\/product"}],"about":[{"href":"https:\/\/blacksmith-displays.com\/de\/wp-json\/wp\/v2\/types\/product"}],"wp:featuredmedia":[{"embeddable":true,"href":"https:\/\/blacksmith-displays.com\/de\/wp-json\/wp\/v2\/media\/9985"}],"wp:attachment":[{"href":"https:\/\/blacksmith-displays.com\/de\/wp-json\/wp\/v2\/media?parent=18147"}],"wp:term":[{"taxonomy":"product_cat","embeddable":true,"href":"https:\/\/blacksmith-displays.com\/de\/wp-json\/wp\/v2\/product_cat?post=18147"},{"taxonomy":"product_tag","embeddable":true,"href":"https:\/\/blacksmith-displays.com\/de\/wp-json\/wp\/v2\/product_tag?post=18147"}],"curies":[{"name":"wp","href":"https:\/\/api.w.org\/{rel}","templated":true}]}}