{"id":19893,"date":"2025-02-26T19:09:36","date_gmt":"2025-02-26T18:09:36","guid":{"rendered":"https:\/\/blacksmith-displays.com\/?post_type=product&#038;p=19893"},"modified":"2025-09-27T14:26:00","modified_gmt":"2025-09-27T12:26:00","slug":"zoom-water-base-15-l","status":"publish","type":"product","link":"https:\/\/blacksmith-displays.com\/de\/produkt\/aussenwerbung\/outdoor-zubehoer\/zoom-water-base-15-l\/","title":{"rendered":"Water Base 15 L &#8211; do Parasola"},"content":{"rendered":"<p>Zoom+ Water Base 15 L to solidna, nape\u0142niana wod\u0105 podstawa, zapewniaj\u0105ca stabilno\u015b\u0107 flag i no\u015bnik\u00f3w reklamowych. Dzi\u0119ki pojemno\u015bci 15 litr\u00f3w doskonale sprawdza si\u0119 zar\u00f3wno wewn\u0105trz, jak i na zewn\u0105trz.<\/p>\n","protected":false},"excerpt":{"rendered":"<p>Zoom+ Water Base 15 L to praktyczna podstawa stabilizuj\u0105ca do flag reklamowych: \u0142atwa w transporcie, nape\u0142niana wod\u0105 na miejscu i wyposa\u017cona w bezpieczne zamkni\u0119cie. Dzi\u0119ki pojemno\u015bci 15 litr\u00f3w zapewnia optymalne utrzymanie flag eventowych i reklamowych \u2013 zar\u00f3wno wewn\u0105trz, jak i na zewn\u0105trz. To kompaktowe i niezawodne rozwi\u0105zanie do profesjonalnych ekspozycji marki.<br \/>\n<br \/>\nMo\u017cliwo\u015bci zastosowania w skr\u00f3cie:<br \/>\nPodstawa dla przeno\u015bnych flag targowych<br \/>\nStabilizacja flag reklamowych w plenerze<br \/>\nElastyczne ekspozytory promocyjne, cz\u0119sto przenoszone w r\u00f3\u017cne miejsca<br \/>\nMobilne instalacje eventowe z elementami wielokrotnego u\u017cytku<br \/>\nNiezawodne rozwi\u0105zanie dla projekt\u00f3w agencji, w kt\u00f3rych logistyka odgrywa kluczow\u0105 rol\u0119<\/p>\n","protected":false},"featured_media":19891,"template":"","meta":{"_acf_changed":false,"rank_math_lock_modified_date":false},"product_cat":[342],"product_tag":[],"class_list":{"0":"post-19893","1":"product","2":"type-product","3":"status-publish","4":"has-post-thumbnail","6":"product_cat-outdoor-zubehoer","8":"first","9":"instock","10":"shipping-taxable","11":"purchasable","12":"product-type-simple"},"acf":[],"_links":{"self":[{"href":"https:\/\/blacksmith-displays.com\/de\/wp-json\/wp\/v2\/product\/19893","targetHints":{"allow":["GET"]}}],"collection":[{"href":"https:\/\/blacksmith-displays.com\/de\/wp-json\/wp\/v2\/product"}],"about":[{"href":"https:\/\/blacksmith-displays.com\/de\/wp-json\/wp\/v2\/types\/product"}],"wp:featuredmedia":[{"embeddable":true,"href":"https:\/\/blacksmith-displays.com\/de\/wp-json\/wp\/v2\/media\/19891"}],"wp:attachment":[{"href":"https:\/\/blacksmith-displays.com\/de\/wp-json\/wp\/v2\/media?parent=19893"}],"wp:term":[{"taxonomy":"product_cat","embeddable":true,"href":"https:\/\/blacksmith-displays.com\/de\/wp-json\/wp\/v2\/product_cat?post=19893"},{"taxonomy":"product_tag","embeddable":true,"href":"https:\/\/blacksmith-displays.com\/de\/wp-json\/wp\/v2\/product_tag?post=19893"}],"curies":[{"name":"wp","href":"https:\/\/api.w.org\/{rel}","templated":true}]}}